{"id":1037,"date":"2023-05-08T16:18:32","date_gmt":"2023-05-08T14:18:32","guid":{"rendered":"https:\/\/www.syvema.com\/admin22032023\/?page_id=1037"},"modified":"2025-01-06T15:38:50","modified_gmt":"2025-01-06T14:38:50","slug":"contact","status":"publish","type":"page","link":"https:\/\/www.syvema.com\/de\/contact\/","title":{"rendered":"Kontakt"},"content":{"rendered":"<p>[et_pb_section fb_built=&#8221;1&#8243; fullwidth=&#8221;on&#8221; next_background_color=&#8221;#ffffff&#8221; _builder_version=&#8221;4.20.4&#8243; _module_preset=&#8221;default&#8221; use_background_color_gradient=&#8221;on&#8221; background_color_gradient_stops=&#8221;rgba(255,225,225,0.2) 0%|rgba(0,0,0,0) 100%&#8221; background_image=&#8221;https:\/\/www.syvema.com\/admin22032023\/wp-content\/uploads\/2023\/05\/banniere1.jpg&#8221; module_alignment=&#8221;center&#8221; min_height=&#8221;350px&#8221; max_height=&#8221;350px&#8221; custom_padding=&#8221;||280px|||&#8221; bottom_divider_style=&#8221;curve&#8221; bottom_divider_height=&#8221;35px&#8221; global_colors_info=&#8221;{}&#8221;][\/et_pb_section][et_pb_section fb_built=&#8221;1&#8243; _builder_version=&#8221;4.20.4&#8243; _module_preset=&#8221;default&#8221; custom_padding=&#8221;13px|||||&#8221; border_color_all=&#8221;#E09900&#8243; global_colors_info=&#8221;{}&#8221;][et_pb_row _builder_version=&#8221;4.20.4&#8243; _module_preset=&#8221;default&#8221; custom_padding=&#8221;9px||36px|||&#8221; global_colors_info=&#8221;{}&#8221;][et_pb_column type=&#8221;4_4&#8243; _builder_version=&#8221;4.20.4&#8243; _module_preset=&#8221;default&#8221; global_colors_info=&#8221;{}&#8221;][et_pb_text _builder_version=&#8221;4.20.4&#8243; _module_preset=&#8221;default&#8221; text_font=&#8221;Zen Old Mincho||||||||&#8221; text_font_size=&#8221;20px&#8221; custom_padding=&#8221;|10px||25px|false|false&#8221; global_colors_info=&#8221;{}&#8221;]<\/p>\n<p style=\"text-align: center;\"><strong>Kontaktiere mich<\/strong><\/p>\n<p>F\u00fcr jede individuelle Anfrage, auf der Suche nach Rat oder wenn Sie einfach nur neugierig sind, stehe ich Ihnen gerne zur Verf\u00fcgung:<\/p>\n<p>[\/et_pb_text][\/et_pb_column][\/et_pb_row][et_pb_row column_structure=&#8221;1_2,1_2&#8243; _builder_version=&#8221;4.20.4&#8243; _module_preset=&#8221;default&#8221; background_color=&#8221;#FFFFFF&#8221; z_index=&#8221;144&#8243; module_alignment=&#8221;center&#8221; min_height=&#8221;444.6px&#8221; custom_margin=&#8221;|10px||10px|false|false&#8221; custom_padding=&#8221;7px|10px||10px|false|false&#8221; border_color_all=&#8221;#E09900&#8243; global_colors_info=&#8221;{}&#8221;][et_pb_column type=&#8221;1_2&#8243; _builder_version=&#8221;4.20.4&#8243; _module_preset=&#8221;default&#8221; global_colors_info=&#8221;{}&#8221;][et_pb_contact_form captcha=&#8221;off&#8221; email=&#8221;contact@syvema.com&#8221; title=&#8221;Contact&#8221; custom_message=&#8221;Name : %%Name%%||et_pb_line_break_holder||Email : %%Email%%||et_pb_line_break_holder||Message : %%Message%%&#8221; success_message=&#8221;Thank you for your message&#8221; submit_button_text=&#8221;Send&#8221; _builder_version=&#8221;4.20.4&#8243; _module_preset=&#8221;default&#8221; _unique_id=&#8221;5aabfdc8-05e5-4995-8531-87ab9ef83756&#8243; form_field_background_color=&#8221;#FFFFFF&#8221; title_font=&#8221;Zen Old Mincho||||||||&#8221; captcha_font=&#8221;Zen Old Mincho||||||||&#8221; form_field_font=&#8221;Zen Old Mincho||||||||&#8221; custom_button=&#8221;on&#8221; button_text_color=&#8221;#FFFFFF&#8221; button_bg_color=&#8221;#E09900&#8243; button_border_radius=&#8221;5px&#8221; button_font=&#8221;Zen Old Mincho||||||||&#8221; width=&#8221;100%&#8221; max_width=&#8221;100%&#8221; custom_padding=&#8221;|10px||10px|false|false&#8221; border_radii=&#8221;on|8px|8px|8px|8px&#8221; border_width_all=&#8221;1px&#8221; border_color_all=&#8221;#E09900&#8243; global_colors_info=&#8221;{}&#8221;][et_pb_contact_field field_id=&#8221;Name&#8221; field_title=&#8221;Last Name &#8211; First Name&#8221; _builder_version=&#8221;4.20.4&#8243; global_colors_info=&#8221;{}&#8221; button_text_size__hover_enabled=&#8221;off&#8221; button_one_text_size__hover_enabled=&#8221;off&#8221; button_two_text_size__hover_enabled=&#8221;off&#8221; button_text_color__hover_enabled=&#8221;off&#8221; button_one_text_color__hover_enabled=&#8221;off&#8221; button_two_text_color__hover_enabled=&#8221;off&#8221; button_border_width__hover_enabled=&#8221;off&#8221; button_one_border_width__hover_enabled=&#8221;off&#8221; button_two_border_width__hover_enabled=&#8221;off&#8221; button_border_color__hover_enabled=&#8221;off&#8221; button_one_border_color__hover_enabled=&#8221;off&#8221; button_two_border_color__hover_enabled=&#8221;off&#8221; button_border_radius__hover_enabled=&#8221;off&#8221; button_one_border_radius__hover_enabled=&#8221;off&#8221; button_two_border_radius__hover_enabled=&#8221;off&#8221; button_letter_spacing__hover_enabled=&#8221;off&#8221; button_one_letter_spacing__hover_enabled=&#8221;off&#8221; button_two_letter_spacing__hover_enabled=&#8221;off&#8221; button_bg_color__hover_enabled=&#8221;off&#8221; button_one_bg_color__hover_enabled=&#8221;off&#8221; button_two_bg_color__hover_enabled=&#8221;off&#8221;][\/et_pb_contact_field][et_pb_contact_field field_id=&#8221;Email&#8221; field_title=&#8221;Adresse e-mail&#8221; field_type=&#8221;email&#8221; _builder_version=&#8221;4.20.4&#8243; global_colors_info=&#8221;{}&#8221; button_text_size__hover_enabled=&#8221;off&#8221; button_one_text_size__hover_enabled=&#8221;off&#8221; button_two_text_size__hover_enabled=&#8221;off&#8221; button_text_color__hover_enabled=&#8221;off&#8221; button_one_text_color__hover_enabled=&#8221;off&#8221; button_two_text_color__hover_enabled=&#8221;off&#8221; button_border_width__hover_enabled=&#8221;off&#8221; button_one_border_width__hover_enabled=&#8221;off&#8221; button_two_border_width__hover_enabled=&#8221;off&#8221; button_border_color__hover_enabled=&#8221;off&#8221; button_one_border_color__hover_enabled=&#8221;off&#8221; button_two_border_color__hover_enabled=&#8221;off&#8221; button_border_radius__hover_enabled=&#8221;off&#8221; button_one_border_radius__hover_enabled=&#8221;off&#8221; button_two_border_radius__hover_enabled=&#8221;off&#8221; button_letter_spacing__hover_enabled=&#8221;off&#8221; button_one_letter_spacing__hover_enabled=&#8221;off&#8221; button_two_letter_spacing__hover_enabled=&#8221;off&#8221; button_bg_color__hover_enabled=&#8221;off&#8221; button_one_bg_color__hover_enabled=&#8221;off&#8221; button_two_bg_color__hover_enabled=&#8221;off&#8221;][\/et_pb_contact_field][et_pb_contact_field field_id=&#8221;Message&#8221; field_title=&#8221;Message&#8221; field_type=&#8221;text&#8221; fullwidth_field=&#8221;on&#8221; _builder_version=&#8221;4.16&#8243; global_colors_info=&#8221;{}&#8221; button_text_size__hover_enabled=&#8221;off&#8221; button_one_text_size__hover_enabled=&#8221;off&#8221; button_two_text_size__hover_enabled=&#8221;off&#8221; button_text_color__hover_enabled=&#8221;off&#8221; button_one_text_color__hover_enabled=&#8221;off&#8221; button_two_text_color__hover_enabled=&#8221;off&#8221; button_border_width__hover_enabled=&#8221;off&#8221; button_one_border_width__hover_enabled=&#8221;off&#8221; button_two_border_width__hover_enabled=&#8221;off&#8221; button_border_color__hover_enabled=&#8221;off&#8221; button_one_border_color__hover_enabled=&#8221;off&#8221; button_two_border_color__hover_enabled=&#8221;off&#8221; button_border_radius__hover_enabled=&#8221;off&#8221; button_one_border_radius__hover_enabled=&#8221;off&#8221; button_two_border_radius__hover_enabled=&#8221;off&#8221; button_letter_spacing__hover_enabled=&#8221;off&#8221; button_one_letter_spacing__hover_enabled=&#8221;off&#8221; button_two_letter_spacing__hover_enabled=&#8221;off&#8221; button_bg_color__hover_enabled=&#8221;off&#8221; button_one_bg_color__hover_enabled=&#8221;off&#8221; button_two_bg_color__hover_enabled=&#8221;off&#8221;][\/et_pb_contact_field][et_pb_contact_field field_id=&#8221;rgpd&#8221; field_title=&#8221;Confidentiality&#8221; field_type=&#8221;checkbox&#8221; checkbox_options=&#8221;%91{%22value%22:%22By checking this box you agree that I collect the data provided, only so that I can contact you later. To learn more, you can visit the %22,%22checked%22:0,%22dragID%22:0,%22link_url%22:%22https:\/\/www.syvema.com\/index.php\/privacy-policy%22,%22link_text%22:%22private policy%22}%93&#8243; fullwidth_field=&#8221;on&#8221; _builder_version=&#8221;4.20.4&#8243; _module_preset=&#8221;default&#8221; link_option_url=&#8221;https:\/\/www.syvema.com\/index.php\/1019-2\/&#8221; global_colors_info=&#8221;{}&#8221;][\/et_pb_contact_field][\/et_pb_contact_form][\/et_pb_column][et_pb_column type=&#8221;1_2&#8243; _builder_version=&#8221;4.20.4&#8243; _module_preset=&#8221;default&#8221; global_colors_info=&#8221;{}&#8221;][et_pb_text _builder_version=&#8221;4.20.4&#8243; _module_preset=&#8221;default&#8221; custom_padding=&#8221;5px||||false|false&#8221; global_colors_info=&#8221;{}&#8221;]<\/p>\n<h2><strong _msttexthash=\"292695\" _msthash=\"57\">Meine Koordinaten<\/strong><\/h2>\n<p _msttexthash=\"5426434\" _msthash=\"58\">Wir waren in Versailles t\u00e4tig, wir verkauften und reisten im ganzen Land.<\/p>\n<ul>\n<li><span _msttexthash=\"1061190\" _msthash=\"59\">Soziale Belagerung: 77 Rue Royale, 78000 VERSAILLES<\/span><\/li>\n<li><span _msttexthash=\"694681\" _msthash=\"60\">Telefonnummer: +33 7 69 72 73 81 <\/span><\/li>\n<li><span _msttexthash=\"730535\" _msthash=\"61\">E-Mail: <a href=\"mailto:contact@syvema.com\" _istranslated=\"1\">syvema.fr@gmail.com<\/a><\/span><\/li>\n<li><span _msttexthash=\"264758\" _msthash=\"62\">Instagram: <a href=\"https:\/\/www.instagram.com\/syvema_kids\/\">SYVEMA<\/a><\/span><\/li>\n<\/ul>\n<p><span><\/span><\/p>\n<p>[\/et_pb_text][\/et_pb_column][\/et_pb_row][\/et_pb_section]<\/p>","protected":false},"excerpt":{"rendered":"<p>Contact me For any tailor-made request, looking for advice, or if you are simply curious, I am at your disposal:Mes coordonn\u00e9es Nos tenues sont fabriqu\u00e9es \u00e0 Versailles, nous les vendons et les exp\u00e9dions dans le monde entier. Si\u00e8ge social : 77 Rue Royale, 78000 VERSAILLES Num\u00e9ro de t\u00e9l\u00e9phone : +33 7 69 72 73 81 [&hellip;]<\/p>","protected":false},"author":1,"featured_media":0,"parent":0,"menu_order":0,"comment_status":"closed","ping_status":"closed","template":"","meta":{"_et_pb_use_builder":"on","_et_pb_old_content":"","_et_gb_content_width":"","footnotes":""},"class_list":["post-1037","page","type-page","status-publish","hentry"],"yoast_head":"<!-- This site is optimized with the Yoast SEO plugin v23.4 - https:\/\/yoast.com\/wordpress\/plugins\/seo\/ -->\n<title>Contact - Syvema<\/title>\n<meta name=\"robots\" content=\"index, follow, max-snippet:-1, max-image-preview:large, max-video-preview:-1\" \/>\n<link rel=\"canonical\" href=\"https:\/\/www.syvema.com\/de\/contact\/\" \/>\n<meta property=\"og:locale\" content=\"de_DE\" \/>\n<meta property=\"og:type\" content=\"article\" \/>\n<meta property=\"og:title\" content=\"Contact - Syvema\" \/>\n<meta property=\"og:description\" content=\"Contact me For any tailor-made request, looking for advice, or if you are simply curious, I am at your disposal:Mes coordonn\u00e9es Nos tenues sont fabriqu\u00e9es \u00e0 Versailles, nous les vendons et les exp\u00e9dions dans le monde entier. Si\u00e8ge social : 77 Rue Royale, 78000 VERSAILLES Num\u00e9ro de t\u00e9l\u00e9phone : +33 7 69 72 73 81 [&hellip;]\" \/>\n<meta property=\"og:url\" content=\"https:\/\/www.syvema.com\/de\/contact\/\" \/>\n<meta property=\"og:site_name\" content=\"Syvema\" \/>\n<meta property=\"article:modified_time\" content=\"2025-01-06T14:38:50+00:00\" \/>\n<meta name=\"twitter:card\" content=\"summary_large_image\" \/>\n<script type=\"application\/ld+json\" class=\"yoast-schema-graph\">{\"@context\":\"https:\/\/schema.org\",\"@graph\":[{\"@type\":\"WebPage\",\"@id\":\"https:\/\/www.syvema.com\/contact\/\",\"url\":\"https:\/\/www.syvema.com\/contact\/\",\"name\":\"Contact - Syvema\",\"isPartOf\":{\"@id\":\"https:\/\/www.syvema.com\/#website\"},\"datePublished\":\"2023-05-08T14:18:32+00:00\",\"dateModified\":\"2025-01-06T14:38:50+00:00\",\"breadcrumb\":{\"@id\":\"https:\/\/www.syvema.com\/contact\/#breadcrumb\"},\"inLanguage\":\"de\",\"potentialAction\":[{\"@type\":\"ReadAction\",\"target\":[\"https:\/\/www.syvema.com\/contact\/\"]}]},{\"@type\":\"BreadcrumbList\",\"@id\":\"https:\/\/www.syvema.com\/contact\/#breadcrumb\",\"itemListElement\":[{\"@type\":\"ListItem\",\"position\":1,\"name\":\"Accueil\",\"item\":\"https:\/\/www.syvema.com\/\"},{\"@type\":\"ListItem\",\"position\":2,\"name\":\"Contact\"}]},{\"@type\":\"WebSite\",\"@id\":\"https:\/\/www.syvema.com\/#website\",\"url\":\"https:\/\/www.syvema.com\/\",\"name\":\"Syvema\",\"description\":\"Faschion Kids\",\"publisher\":{\"@id\":\"https:\/\/www.syvema.com\/#organization\"},\"potentialAction\":[{\"@type\":\"SearchAction\",\"target\":{\"@type\":\"EntryPoint\",\"urlTemplate\":\"https:\/\/www.syvema.com\/?s={search_term_string}\"},\"query-input\":{\"@type\":\"PropertyValueSpecification\",\"valueRequired\":true,\"valueName\":\"search_term_string\"}}],\"inLanguage\":\"de\"},{\"@type\":\"Organization\",\"@id\":\"https:\/\/www.syvema.com\/#organization\",\"name\":\"Syvema\",\"alternateName\":\"Lana Duga\",\"url\":\"https:\/\/www.syvema.com\/\",\"logo\":{\"@type\":\"ImageObject\",\"inLanguage\":\"de\",\"@id\":\"https:\/\/www.syvema.com\/#\/schema\/logo\/image\/\",\"url\":\"https:\/\/www.syvema.com\/admin22032023\/wp-content\/uploads\/2023\/04\/Syvema-06.jpg\",\"contentUrl\":\"https:\/\/www.syvema.com\/admin22032023\/wp-content\/uploads\/2023\/04\/Syvema-06.jpg\",\"width\":1866,\"height\":1087,\"caption\":\"Syvema\"},\"image\":{\"@id\":\"https:\/\/www.syvema.com\/#\/schema\/logo\/image\/\"}}]}<\/script>\n<!-- \/ Yoast SEO plugin. -->","yoast_head_json":{"title":"Contact - Syvema","robots":{"index":"index","follow":"follow","max-snippet":"max-snippet:-1","max-image-preview":"max-image-preview:large","max-video-preview":"max-video-preview:-1"},"canonical":"https:\/\/www.syvema.com\/de\/contact\/","og_locale":"de_DE","og_type":"article","og_title":"Contact - Syvema","og_description":"Contact me For any tailor-made request, looking for advice, or if you are simply curious, I am at your disposal:Mes coordonn\u00e9es Nos tenues sont fabriqu\u00e9es \u00e0 Versailles, nous les vendons et les exp\u00e9dions dans le monde entier. Si\u00e8ge social : 77 Rue Royale, 78000 VERSAILLES Num\u00e9ro de t\u00e9l\u00e9phone : +33 7 69 72 73 81 [&hellip;]","og_url":"https:\/\/www.syvema.com\/de\/contact\/","og_site_name":"Syvema","article_modified_time":"2025-01-06T14:38:50+00:00","twitter_card":"summary_large_image","schema":{"@context":"https:\/\/schema.org","@graph":[{"@type":"WebPage","@id":"https:\/\/www.syvema.com\/contact\/","url":"https:\/\/www.syvema.com\/contact\/","name":"Contact - Syvema","isPartOf":{"@id":"https:\/\/www.syvema.com\/#website"},"datePublished":"2023-05-08T14:18:32+00:00","dateModified":"2025-01-06T14:38:50+00:00","breadcrumb":{"@id":"https:\/\/www.syvema.com\/contact\/#breadcrumb"},"inLanguage":"de","potentialAction":[{"@type":"ReadAction","target":["https:\/\/www.syvema.com\/contact\/"]}]},{"@type":"BreadcrumbList","@id":"https:\/\/www.syvema.com\/contact\/#breadcrumb","itemListElement":[{"@type":"ListItem","position":1,"name":"Accueil","item":"https:\/\/www.syvema.com\/"},{"@type":"ListItem","position":2,"name":"Contact"}]},{"@type":"WebSite","@id":"https:\/\/www.syvema.com\/#website","url":"https:\/\/www.syvema.com\/","name":"Syvema","description":"Faschion Kids","publisher":{"@id":"https:\/\/www.syvema.com\/#organization"},"potentialAction":[{"@type":"SearchAction","target":{"@type":"EntryPoint","urlTemplate":"https:\/\/www.syvema.com\/?s={search_term_string}"},"query-input":{"@type":"PropertyValueSpecification","valueRequired":true,"valueName":"search_term_string"}}],"inLanguage":"de"},{"@type":"Organization","@id":"https:\/\/www.syvema.com\/#organization","name":"Syvema","alternateName":"Lana Duga","url":"https:\/\/www.syvema.com\/","logo":{"@type":"ImageObject","inLanguage":"de","@id":"https:\/\/www.syvema.com\/#\/schema\/logo\/image\/","url":"https:\/\/www.syvema.com\/admin22032023\/wp-content\/uploads\/2023\/04\/Syvema-06.jpg","contentUrl":"https:\/\/www.syvema.com\/admin22032023\/wp-content\/uploads\/2023\/04\/Syvema-06.jpg","width":1866,"height":1087,"caption":"Syvema"},"image":{"@id":"https:\/\/www.syvema.com\/#\/schema\/logo\/image\/"}}]}},"_links":{"self":[{"href":"https:\/\/www.syvema.com\/de\/wp-json\/wp\/v2\/pages\/1037","targetHints":{"allow":["GET"]}}],"collection":[{"href":"https:\/\/www.syvema.com\/de\/wp-json\/wp\/v2\/pages"}],"about":[{"href":"https:\/\/www.syvema.com\/de\/wp-json\/wp\/v2\/types\/page"}],"author":[{"embeddable":true,"href":"https:\/\/www.syvema.com\/de\/wp-json\/wp\/v2\/users\/1"}],"replies":[{"embeddable":true,"href":"https:\/\/www.syvema.com\/de\/wp-json\/wp\/v2\/comments?post=1037"}],"version-history":[{"count":20,"href":"https:\/\/www.syvema.com\/de\/wp-json\/wp\/v2\/pages\/1037\/revisions"}],"predecessor-version":[{"id":6440,"href":"https:\/\/www.syvema.com\/de\/wp-json\/wp\/v2\/pages\/1037\/revisions\/6440"}],"wp:attachment":[{"href":"https:\/\/www.syvema.com\/de\/wp-json\/wp\/v2\/media?parent=1037"}],"curies":[{"name":"wp","href":"https:\/\/api.w.org\/{rel}","templated":true}]}}