{"id":6781,"date":"2025-04-13T17:02:55","date_gmt":"2025-04-13T15:02:55","guid":{"rendered":"https:\/\/www.syvema.com\/?post_type=product&#038;p=6781"},"modified":"2025-11-23T16:44:13","modified_gmt":"2025-11-23T15:44:13","slug":"aelis-dress","status":"publish","type":"product","link":"https:\/\/www.syvema.com\/de\/produkt\/aelis-dress\/","title":{"rendered":"Aelis-Kleid"},"content":{"rendered":"<p>[et_pb_section fb_built=\u201d1\u2033 _builder_version=\u201d4.16\u2033 custom_padding=\u201d0px||||false|false\u201d global_colors_info=\u201d{}\u201d][et_pb_row _builder_version=\u201d4.20.4\u2033 background_size=\u201dinitial\u201d background_position=\u201dtop_left\u201d background_repeat=\u201drepeat\u201d width=\u201d100%\u201d custom_padding=\u201d0px||0px||false|false\u201d global_colors_info=\u201d{}\u201d][et_pb_column type=\u201d4_4\u2033 _builder_version=\u201d4.16\u2033 custom_padding=\u201d|||\u201d global_colors_info=\u201d{}\u201d custom_padding__hover=\u201d|||\u201d][et_pb_wc_breadcrumb _builder_version=\u201d4.20.4\u2033 global_colors_info=\u201d{}\u201d][\/et_pb_wc_breadcrumb][et_pb_wc_cart_notice _builder_version=\u201d4.20.4\u2033 global_colors_info=\u201d{}\u201d][\/et_pb_wc_cart_notice][\/et_pb_column][\/et_pb_row][et_pb_row column_structure=\u201d1_2,1_2\u2033 _builder_version=\u201d4.16\u2033 background_size=\u201dinitial\u201d background_position=\u201dtop_left\u201d background_repeat=\u201drepeat\u201d width=\u201d100%\u201d custom_padding=\u201d0px||||false|false\u201d global_colors_info=\u201d{}\u201d][et_pb_column type=\u201d1_2\u2033 _builder_version=\u201d4.16\u2033 custom_padding=\u201d|||\u201d global_colors_info=\u201d{}\u201d custom_padding__hover=\u201d|||\u201d][et_pb_wc_images _builder_version=\u201d4.16\u2033 global_colors_info=\u201d{}\u201d][\/et_pb_wc_images][\/et_pb_column][et_pb_column type=\u201d1_2\u2033 _builder_version=\u201d4.16\u2033 custom_padding=\u201d|||\u201d global_colors_info=\u201d{}\u201d custom_padding__hover=\u201d|||\u201d][et_pb_wc_title _builder_version=\u201d4.20.4\u2033 header_level=\u201dh4\u2033 global_colors_info=\u201d{}\u201d][\/et_pb_wc_title][et_pb_wc_rating _builder_version=\u201d4.20.4\u2033 global_colors_info=\u201d{}\u201d][\/et_pb_wc_rating][et_pb_wc_price _builder_version=\u201d4.20.4\u2033 global_colors_info=\u201d{}\u201d][\/et_pb_wc_price][et_pb_wc_description _builder_version=\u201d4.20.4\u2033 width=\u201d100%\u201d global_colors_info=\u201d{}\u201d][\/et_pb_wc_description][et_pb_wc_add_to_cart _builder_version=\u201d4.20.4\u2033 _module_preset=\u201ddefault\u201d global_colors_info=\u201d{}\u201d][\/et_pb_wc_add_to_cart][\/et_pb_column][\/et_pb_row][et_pb_row _builder_version=\u201d4.16\u2033 background_size=\u201dinitial\u201d background_position=\u201dtop_left\u201d background_repeat=\u201drepeat\u201d width=\u201d100%\u201d global_colors_info=\u201d{}\u201d][et_pb_column type=\u201d4_4\u2033 _builder_version=\u201d4.16\u2033 custom_padding=\u201d|||\u201d global_colors_info=\u201d{}\u201d custom_padding__hover=\u201d|||\u201d][et_pb_wc_tabs include_tabs=\u201ddescription|\u201d _builder_version=\u201d4.20.4\u2033 global_colors_info=\u201d{}\u201d] [\/et_pb_wc_tabs][et_pb_wc_upsells _builder_version=\u201d4.20.4\u2033 title_font_size=\u201d25px\u201d global_colors_info=\u201d{}\u201d][\/et_pb_wc_upsells][et_pb_wc_related_products _builder_version=\u201d4.16\u2033 global_colors_info=\u201d{}\u201d][\/et_pb_wc_related_products][\/et_pb_column][\/et_pb_row][\/et_pb_section]<\/p>","protected":false},"excerpt":{"rendered":"<div>\n<p>Dieses wundersch\u00f6ne Babykleid vereint Eleganz und Komfort perfekt f\u00fcr den besonderen Anlass Ihres Kindes. Aus weichem, wei\u00dfem Satin mit zartem Glanz gefertigt, beh\u00e4lt das Kleid seine Form und f\u00fchlt sich wunderbar weich an. Die Taille wird durch einen bezaubernden G\u00fcrtel aus kleinen Perlen und Blumen betont.<\/p>\n<p>Der weiche Unterrock aus T\u00fcll verleiht eine sch\u00f6ne F\u00fclle, w\u00e4hrend das Baumwollfutter den ganzen Tag \u00fcber f\u00fcr Komfort sorgt.<\/p>\n<p>F\u00fcr eine individuelle Passform verf\u00fcgt das Kleid \u00fcber verstellbare B\u00e4nder auf der R\u00fcckseite, mit denen Sie es je nach Bedarf eng oder weit einstellen k\u00f6nnen. Au\u00dferdem verf\u00fcgt es \u00fcber eine sch\u00f6ne abnehmbare Schleife, die Sie bei einem schlichteren Look einfach abnehmen k\u00f6nnen.<\/p>\n<p>Ein passendes Haaraccessoire ist im Preis inbegriffen und rundet das Outfit ab.<\/p>\n<p>Ihre kleine Prinzessin wird an ihrem gro\u00dfen Tag, sei es ihr erster Geburtstag oder eine andere Feier, absolut bezaubernd aussehen.<\/p>\n<p>&nbsp;<\/p>\n<\/div>\n<div>\n<ul>\n<li style=\"list-style-type: none;\">\n<ul>\n<li style=\"list-style-type: none;\">\n<ul>\n<li style=\"list-style-type: none;\">\n<ul>\n<li><em><strong>Overlay-Stoff<\/strong> : Satin, T\u00fcll, Futter 100% Baumwolle<\/em><\/li>\n<li><em><strong>Farbe<\/strong> : wei\u00df-off<\/em><\/li>\n<li><em><strong>L\u00e4nge<\/strong> : Mitte der Wade<\/em><\/li>\n<li><em>Mit Knoten binden<\/em><\/li>\n<li><em>Ma\u00dfnahmen : <a href=\"https:\/\/www.syvema.com\/admin22032023\/wp-content\/uploads\/2025\/11\/Syvema-inches.png\" target=\"_blank\" rel=\"noopener\">Die Ma\u00dfe in Zoll finden Sie hier.<\/a>\u00a0 oder <a href=\"https:\/\/www.syvema.com\/admin22032023\/wp-content\/uploads\/2025\/11\/Syvema-cm.png\" target=\"_blank\" rel=\"noopener\">Die Ma\u00dfe in cm finden Sie hier.<\/a><\/em><\/li>\n<li><em>Handgefertigt<\/em><\/li>\n<li><em>Hergestellt in Frankreich<\/em><\/li>\n<li><em>Die Herstellung des Kleides dauert 18-20 Tage<\/em><\/li>\n<li><em>Die Lieferung dauert zwischen 9-10 Tagen<\/em><\/li>\n<\/ul>\n<\/li>\n<\/ul>\n<\/li>\n<\/ul>\n<\/li>\n<\/ul>\n<\/div>","protected":false},"featured_media":6810,"comment_status":"closed","ping_status":"closed","template":"","meta":{"_et_pb_use_builder":"on","_et_pb_old_content":"<div>\r\n<div>\r\n<div>ACCESSORIES<\/div>\r\n<div>You can order other and beautiful accessories.<\/div>\r\n<\/div>\r\n<\/div>","_et_gb_content_width":""},"product_brand":[],"product_cat":[15,41,60],"product_tag":[37,36,62,71,63,69,64,68,70,65,66],"class_list":{"0":"post-6781","1":"product","2":"type-product","3":"status-publish","4":"has-post-thumbnail","6":"product_cat-non-classe","7":"product_cat-birthday-girl","8":"product_cat-bridesmaid-outfit","9":"product_tag-girl","10":"product_tag-first-birthday","11":"product_tag-flower-dress","12":"product_tag-gift-girl-birthday","13":"product_tag-girl-tutu-dress","14":"product_tag-little-bridesmaids","15":"product_tag-party-little-girls","16":"product_tag-puffy-girl-dress","17":"product_tag-toddler-dree","18":"product_tag-tulle-dress","19":"product_tag-wedding-dress-girl","20":"pa_size-0-3-month","21":"pa_size-3-6-month","22":"pa_size-6-9-month","23":"pa_size-9-12-month","24":"pa_size-12-18-month","25":"pa_size-18-24-month","26":"pa_size-2-3-years","28":"first","29":"instock","30":"featured","31":"taxable","32":"shipping-taxable","33":"purchasable","34":"product-type-variable"},"yoast_head":"<!-- This site is optimized with the Yoast SEO plugin v23.4 - https:\/\/yoast.com\/wordpress\/plugins\/seo\/ -->\n<title>Aelis Dress - Syvema<\/title>\n<meta name=\"description\" content=\"This white baby \u00a0dress is made of delicate satin, tulle and French lace, covered with beautiful lace trimmed with beads and sequins\" \/>\n<meta name=\"robots\" content=\"index, follow, max-snippet:-1, max-image-preview:large, max-video-preview:-1\" \/>\n<link rel=\"canonical\" href=\"https:\/\/www.syvema.com\/de\/produkt\/aelis-dress\/\" \/>\n<meta property=\"og:locale\" content=\"de_DE\" \/>\n<meta property=\"og:type\" content=\"article\" \/>\n<meta property=\"og:title\" content=\"Aelis Dress - Syvema\" \/>\n<meta property=\"og:description\" content=\"This white baby \u00a0dress is made of delicate satin, tulle and French lace, covered with beautiful lace trimmed with beads and sequins\" \/>\n<meta property=\"og:url\" content=\"https:\/\/www.syvema.com\/de\/produkt\/aelis-dress\/\" \/>\n<meta property=\"og:site_name\" content=\"Syvema\" \/>\n<meta property=\"article:modified_time\" content=\"2025-11-23T15:44:13+00:00\" \/>\n<meta property=\"og:image\" content=\"https:\/\/www.syvema.com\/admin22032023\/wp-content\/uploads\/2025\/04\/syvema-aelis-dress-768x1024.png\" \/>\n\t<meta property=\"og:image:width\" content=\"768\" \/>\n\t<meta property=\"og:image:height\" content=\"1024\" \/>\n\t<meta property=\"og:image:type\" content=\"image\/png\" \/>\n<meta name=\"twitter:card\" content=\"summary_large_image\" \/>\n<meta name=\"twitter:label1\" content=\"Gesch\u00e4tzte Lesezeit\" \/>\n\t<meta name=\"twitter:data1\" content=\"1\u00a0Minute\" \/>\n<script type=\"application\/ld+json\" class=\"yoast-schema-graph\">{\"@context\":\"https:\/\/schema.org\",\"@graph\":[{\"@type\":\"WebPage\",\"@id\":\"https:\/\/www.syvema.com\/product\/aelis-dress\/\",\"url\":\"https:\/\/www.syvema.com\/product\/aelis-dress\/\",\"name\":\"Aelis Dress - Syvema\",\"isPartOf\":{\"@id\":\"https:\/\/www.syvema.com\/#website\"},\"primaryImageOfPage\":{\"@id\":\"https:\/\/www.syvema.com\/product\/aelis-dress\/#primaryimage\"},\"image\":{\"@id\":\"https:\/\/www.syvema.com\/product\/aelis-dress\/#primaryimage\"},\"thumbnailUrl\":\"https:\/\/www.syvema.com\/admin22032023\/wp-content\/uploads\/2025\/04\/syvema-aelis-dress.png\",\"datePublished\":\"2025-04-13T15:02:55+00:00\",\"dateModified\":\"2025-11-23T15:44:13+00:00\",\"description\":\"This white baby \u00a0dress is made of delicate satin, tulle and French lace, covered with beautiful lace trimmed with beads and sequins\",\"breadcrumb\":{\"@id\":\"https:\/\/www.syvema.com\/product\/aelis-dress\/#breadcrumb\"},\"inLanguage\":\"de\",\"potentialAction\":[{\"@type\":\"ReadAction\",\"target\":[\"https:\/\/www.syvema.com\/product\/aelis-dress\/\"]}]},{\"@type\":\"ImageObject\",\"inLanguage\":\"de\",\"@id\":\"https:\/\/www.syvema.com\/product\/aelis-dress\/#primaryimage\",\"url\":\"https:\/\/www.syvema.com\/admin22032023\/wp-content\/uploads\/2025\/04\/syvema-aelis-dress.png\",\"contentUrl\":\"https:\/\/www.syvema.com\/admin22032023\/wp-content\/uploads\/2025\/04\/syvema-aelis-dress.png\",\"width\":1535,\"height\":2048},{\"@type\":\"BreadcrumbList\",\"@id\":\"https:\/\/www.syvema.com\/product\/aelis-dress\/#breadcrumb\",\"itemListElement\":[{\"@type\":\"ListItem\",\"position\":1,\"name\":\"Accueil\",\"item\":\"https:\/\/www.syvema.com\/\"},{\"@type\":\"ListItem\",\"position\":2,\"name\":\"La boutique\",\"item\":\"https:\/\/www.syvema.com\/la-boutique\/\"},{\"@type\":\"ListItem\",\"position\":3,\"name\":\"Aelis Dress\"}]},{\"@type\":\"WebSite\",\"@id\":\"https:\/\/www.syvema.com\/#website\",\"url\":\"https:\/\/www.syvema.com\/\",\"name\":\"Syvema\",\"description\":\"Faschion Kids\",\"publisher\":{\"@id\":\"https:\/\/www.syvema.com\/#organization\"},\"potentialAction\":[{\"@type\":\"SearchAction\",\"target\":{\"@type\":\"EntryPoint\",\"urlTemplate\":\"https:\/\/www.syvema.com\/?s={search_term_string}\"},\"query-input\":{\"@type\":\"PropertyValueSpecification\",\"valueRequired\":true,\"valueName\":\"search_term_string\"}}],\"inLanguage\":\"de\"},{\"@type\":\"Organization\",\"@id\":\"https:\/\/www.syvema.com\/#organization\",\"name\":\"Syvema\",\"alternateName\":\"Lana Duga\",\"url\":\"https:\/\/www.syvema.com\/\",\"logo\":{\"@type\":\"ImageObject\",\"inLanguage\":\"de\",\"@id\":\"https:\/\/www.syvema.com\/#\/schema\/logo\/image\/\",\"url\":\"https:\/\/www.syvema.com\/admin22032023\/wp-content\/uploads\/2023\/04\/Syvema-06.jpg\",\"contentUrl\":\"https:\/\/www.syvema.com\/admin22032023\/wp-content\/uploads\/2023\/04\/Syvema-06.jpg\",\"width\":1866,\"height\":1087,\"caption\":\"Syvema\"},\"image\":{\"@id\":\"https:\/\/www.syvema.com\/#\/schema\/logo\/image\/\"}}]}<\/script>\n<!-- \/ Yoast SEO plugin. -->","yoast_head_json":{"title":"Aelis Dress - Syvema","description":"This white baby \u00a0dress is made of delicate satin, tulle and French lace, covered with beautiful lace trimmed with beads and sequins","robots":{"index":"index","follow":"follow","max-snippet":"max-snippet:-1","max-image-preview":"max-image-preview:large","max-video-preview":"max-video-preview:-1"},"canonical":"https:\/\/www.syvema.com\/de\/produkt\/aelis-dress\/","og_locale":"de_DE","og_type":"article","og_title":"Aelis Dress - Syvema","og_description":"This white baby \u00a0dress is made of delicate satin, tulle and French lace, covered with beautiful lace trimmed with beads and sequins","og_url":"https:\/\/www.syvema.com\/de\/produkt\/aelis-dress\/","og_site_name":"Syvema","article_modified_time":"2025-11-23T15:44:13+00:00","og_image":[{"width":768,"height":1024,"url":"https:\/\/www.syvema.com\/admin22032023\/wp-content\/uploads\/2025\/04\/syvema-aelis-dress-768x1024.png","type":"image\/png"}],"twitter_card":"summary_large_image","twitter_misc":{"Gesch\u00e4tzte Lesezeit":"1\u00a0Minute"},"schema":{"@context":"https:\/\/schema.org","@graph":[{"@type":"WebPage","@id":"https:\/\/www.syvema.com\/product\/aelis-dress\/","url":"https:\/\/www.syvema.com\/product\/aelis-dress\/","name":"Aelis Dress - Syvema","isPartOf":{"@id":"https:\/\/www.syvema.com\/#website"},"primaryImageOfPage":{"@id":"https:\/\/www.syvema.com\/product\/aelis-dress\/#primaryimage"},"image":{"@id":"https:\/\/www.syvema.com\/product\/aelis-dress\/#primaryimage"},"thumbnailUrl":"https:\/\/www.syvema.com\/admin22032023\/wp-content\/uploads\/2025\/04\/syvema-aelis-dress.png","datePublished":"2025-04-13T15:02:55+00:00","dateModified":"2025-11-23T15:44:13+00:00","description":"This white baby \u00a0dress is made of delicate satin, tulle and French lace, covered with beautiful lace trimmed with beads and sequins","breadcrumb":{"@id":"https:\/\/www.syvema.com\/product\/aelis-dress\/#breadcrumb"},"inLanguage":"de","potentialAction":[{"@type":"ReadAction","target":["https:\/\/www.syvema.com\/product\/aelis-dress\/"]}]},{"@type":"ImageObject","inLanguage":"de","@id":"https:\/\/www.syvema.com\/product\/aelis-dress\/#primaryimage","url":"https:\/\/www.syvema.com\/admin22032023\/wp-content\/uploads\/2025\/04\/syvema-aelis-dress.png","contentUrl":"https:\/\/www.syvema.com\/admin22032023\/wp-content\/uploads\/2025\/04\/syvema-aelis-dress.png","width":1535,"height":2048},{"@type":"BreadcrumbList","@id":"https:\/\/www.syvema.com\/product\/aelis-dress\/#breadcrumb","itemListElement":[{"@type":"ListItem","position":1,"name":"Accueil","item":"https:\/\/www.syvema.com\/"},{"@type":"ListItem","position":2,"name":"La boutique","item":"https:\/\/www.syvema.com\/la-boutique\/"},{"@type":"ListItem","position":3,"name":"Aelis Dress"}]},{"@type":"WebSite","@id":"https:\/\/www.syvema.com\/#website","url":"https:\/\/www.syvema.com\/","name":"Syvema","description":"Faschion Kids","publisher":{"@id":"https:\/\/www.syvema.com\/#organization"},"potentialAction":[{"@type":"SearchAction","target":{"@type":"EntryPoint","urlTemplate":"https:\/\/www.syvema.com\/?s={search_term_string}"},"query-input":{"@type":"PropertyValueSpecification","valueRequired":true,"valueName":"search_term_string"}}],"inLanguage":"de"},{"@type":"Organization","@id":"https:\/\/www.syvema.com\/#organization","name":"Syvema","alternateName":"Lana Duga","url":"https:\/\/www.syvema.com\/","logo":{"@type":"ImageObject","inLanguage":"de","@id":"https:\/\/www.syvema.com\/#\/schema\/logo\/image\/","url":"https:\/\/www.syvema.com\/admin22032023\/wp-content\/uploads\/2023\/04\/Syvema-06.jpg","contentUrl":"https:\/\/www.syvema.com\/admin22032023\/wp-content\/uploads\/2023\/04\/Syvema-06.jpg","width":1866,"height":1087,"caption":"Syvema"},"image":{"@id":"https:\/\/www.syvema.com\/#\/schema\/logo\/image\/"}}]}},"_links":{"self":[{"href":"https:\/\/www.syvema.com\/de\/wp-json\/wp\/v2\/product\/6781","targetHints":{"allow":["GET"]}}],"collection":[{"href":"https:\/\/www.syvema.com\/de\/wp-json\/wp\/v2\/product"}],"about":[{"href":"https:\/\/www.syvema.com\/de\/wp-json\/wp\/v2\/types\/product"}],"replies":[{"embeddable":true,"href":"https:\/\/www.syvema.com\/de\/wp-json\/wp\/v2\/comments?post=6781"}],"wp:featuredmedia":[{"embeddable":true,"href":"https:\/\/www.syvema.com\/de\/wp-json\/wp\/v2\/media\/6810"}],"wp:attachment":[{"href":"https:\/\/www.syvema.com\/de\/wp-json\/wp\/v2\/media?parent=6781"}],"wp:term":[{"taxonomy":"product_brand","embeddable":true,"href":"https:\/\/www.syvema.com\/de\/wp-json\/wp\/v2\/product_brand?post=6781"},{"taxonomy":"product_cat","embeddable":true,"href":"https:\/\/www.syvema.com\/de\/wp-json\/wp\/v2\/product_cat?post=6781"},{"taxonomy":"product_tag","embeddable":true,"href":"https:\/\/www.syvema.com\/de\/wp-json\/wp\/v2\/product_tag?post=6781"}],"curies":[{"name":"wp","href":"https:\/\/api.w.org\/{rel}","templated":true}]}}