{"id":1037,"date":"2023-05-08T16:18:32","date_gmt":"2023-05-08T14:18:32","guid":{"rendered":"https:\/\/www.syvema.com\/admin22032023\/?page_id=1037"},"modified":"2025-01-06T15:38:50","modified_gmt":"2025-01-06T14:38:50","slug":"contact","status":"publish","type":"page","link":"https:\/\/www.syvema.com\/fr\/contact\/","title":{"rendered":"Contact"},"content":{"rendered":"<p>[et_pb_section fb_built=\u201d1\u2033 fullwidth=\u201don\u201d next_background_color=\u201d#ffffff\u201d _builder_version=\u201d4.20.4\u2033 _module_preset=\u201ddefault\u201d use_background_color_gradient=\u201don\u201d background_color_gradient_stops=\u201drgba(255,225,225,0.2) 0%|rgba(0) ,0 ,0,0) 100%\u201d background_image=\u201dhttps:\/\/www.syvema.com\/admin22032023\/wp-content\/uploads\/2023\/05\/banniere1.jpg\u201d module_alignment=\u201dcenter\u201d min_height=\u201d350px\u201d max_height=\u201d350px &quot; custom_padding = &quot;||280px |||&quot; bottom_divider_style=\u201dcurve\u201d bottom_divider_height=\u201d35px\u201d global_colors_info=\u201d{}\u201d][\/et_pb_section][et_pb_section fb_built=\u201d1\u2033 _builder_version=\u201d4.20.4\u2033 _module_preset=\u201ddefault\u201d custom_padding=\u201d13px|||||\u201d border_color_all=\u201d#E09900\u2033 global_colors_info=\u201d{}\u201d][et_pb_row _builder_version=\u201d4.20.4\u2033 _module_preset=\u201ddefault\u201d custom_padding=\u201d9px||36px|||\u201d global_colors_info=\u201d{}\u201d][et_pb_column type=\u201d4_4\u2033 _builder_version=\u201d4.20.4\u2033 _module_preset=\u201ddefault\u201d global_colors_info=\u201d{}\u201d][et_pb_text _builder_version=\u201d4.20.4\u2033 _module_preset=\u201ddefault\u201d text_font=\u201d Zen Vieux Mincho||||||||\u201d text_font_size=\u201d20px\u201d custom_padding=\u201d|10px||25px|false|false\u201d global_colors_info=\u201d{}\u201d]<\/p>\n<p style=\"text-align: center;\"><strong>Contactez moi<\/strong><\/p>\n<p>Pour toute demande sur mesure, recherche de conseils, ou si vous \u00eates simplement curieux, je suis \u00e0 votre disposition :<\/p>\n<p>[\/et_pb_text][\/et_pb_column][\/et_pb_row][et_pb_row column_structure=\u201d1_2,1_2\u2033 _builder_version=\u201d4.20.4\u2033 _module_preset=\u201ddefault\u201d background_color=\u201d#FFFFFF\u201d z_index=\u201d144\u2033 module_alignment=\u201dcenter\u201d min_height= \u201d444.6px\u201d custom_margin=\u201d|10px||10px|false|false\u201d custom_padding=\u201d7px|10px||10px|false|false\u201d border_color_all=\u201d#E09900\u2033 global_colors_info=\u201d{}\u201d][et_pb_column type=\u201d1_2\u2033 _builder_version=\u201d4.20.4\u2033 _module_preset=\u201ddefault\u201d global_colors_info=\u201d{}\u201d][et_pb_contact_form captcha=\u201doff\u201d title=\u201dContact\u201d submit_button_text=\u201dEnvoyer\u201d _builder_version=\u201d4.20.4\u2033 _module_preset=\u201ddefault\u201d _unique_id= \u201d5aabfdc8-05e5-4995-8531-87ab9ef83756\u2033 form_field_background_color=\u201d#FFFFFF\u201d title_font=\u201dZen Vieux Mincho||||||||\u201d captcha_font=\u201dVieux Mincho Zen ||||||||\u201d form_field_font=\u201dVieux Mincho Zen||||||||\u201d custom_button=\u201don\u201d Button_text_color=\u201d#FFFFFF\u201d Button_bg_color=\u201d#E09900\u2033 Button_border_radius=\u201d5px\u201d Button_font=\u201dZen Old Mincho||||||||\u201d width=\u201d100%\u201d max_width=\u201d100%\u201d custom_padding=\u201d|10px||10px|false|false\u201d hover_enabled=\u201d0\u2033 border_radii=\u201don|8px|8px|8px|8px\u201d border_width_all=\u201d1px\u201d border_color_all=\u201d#E09900 \u2033 global_colors_info=\u201d{}\u201d success_message=\u201dMerci pour votre message\u201d email=\u201dcontact@syvema.com\u201d custom_message=\u201dNom : %%Name%%||et_pb_line_break_holder||Email : %%Email%%||et_pb_line_break_holder||Message : % %Message%%\u201d sticky_enabled= \u201d0\u2033][et_pb_contact_field field_id=\u201dNom\u201d field_title=\u201dNom \u2013 Pr\u00e9nom\u201d _builder_version=\u201d4.20.4\u2033 hover_enabled=\u201d0\u2033 global_colors_info=\u201d{}\u201d Button_text_size__hover_enabled=\u201doff\u201d Button_one_text_size__hover_enabled=\u201doff\u201d Button_two_text_size__hover_enabled= \u201doff\u201d button_text_color__hover_enabled=\u201doff\u201d Button_one_text_color__hover_enabled=\u201doff\u201d Button_two_text_color__hover_enabled=\u201doff\u201d Button_border_width__hover_enabled=\u201doff\u201d Button_one_border_width__hover_enabled=\u201doff\u201d Button_two_border_width__hover_enabled=\u201doff\u201d activ\u00e9=\u201doff\u201d button_one_border_color__hover_enabled=\u201doff\u201d button_two_border_color__hover_enabled=\u201doff\u201d button_border_radius__hover_enabled= \u201doff\u201d button_one_border_radius__hover_enabled=\u201doff\u201d Button_two_border_radius__hover_enabled=\u201doff\u201d Button_letter_spacing__hover_enabled=\u201doff\u201d Button_one_letter_spacing__hover_enabled=\u201doff\u201d Button_two_letter_spacing__hover_enabled=\u201doff\u201d Button_bg_color__hover_enabled=\u201doff Button_one\u201d _bg_color__hover_enabled=\u201doff\u201d button_two_bg_color__hover_enabled=\u201doff\u201d sticky_enabled=\u201d0\u2033][ \/et_pb_contact_field][et_pb_contact_field field_id=\u201dEmail\u201d field_title=\u201dAdresse e-mail\u201d field_type=\u201demail\u201d _builder_version=\u201d4.20.4\u2033 hover_enabled=\u201d0\u2033 global_colors_info=\u201d{}\u201d Button_text_size__hover_enabled=\u201doff\u201d Button_one_text_size__hover_enabled=\u201doff\u201d \u201d button_two_text_size__hover_enabled=\u201doff\u201d button_text_color__hover_enabled=\u201doff\u201d Button_one_text_color__hover_enabled=\u201doff\u201d Button_two_text_color__hover_enabled=\u201doff\u201d Button_border_width__hover_enabled=\u201doff\u201d Button_one_border_width__hover_enabled=\u201doff\u201d activ\u00e9 = &quot;off&quot; bouton_border_color__hover_enabled = &quot;off&quot; bouton_one_border_color__hover_enabled = &quot;off&quot; bouton_two_border_color__hover_enabled = &quot;off&quot; \u201d button_border_radius__hover_enabled=\u201doff\u201d Button_one_border_radius__hover_enabled=\u201doff\u201d Button_two_border_radius__hover_enabled=\u201doff\u201d Button_letter_spacing__hover_enabled=\u201doff\u201d Button_one_letter_spacing__hover_enabled=\u201doff\u201d Button_two_letter_spacing__hover_enabled=\u201doff\u201d color__hover_enabled=\u201doff\u201d button_one_bg_color__hover_enabled=\u201doff\u201d button_two_bg_color__hover_enabled=\u201doff\u201d sticky_enabled=\u201d0 \u2033][\/et_pb_contact_field][et_pb_contact_field field_id=\u201dMessage\u201d field_title=\u201dMessage\u201d field_type=\u201dtext\u201d fullwidth_field=\u201don\u201d _builder_version=\u201d4.16\u2033 global_colors_info=\u201d{}\u201d button_text_size__hover_enabled=\u201doff\u201d button_one_text_size__hover_enabled=\u201doff\u201d taille__hover_enabled = &quot;off&quot; bouton_text_color__hover_enabled = &quot;arr\u00eat&quot; bouton_one_text_color__hover_enabled = &quot;arr\u00eat&quot; bouton_two_text_color__hover_enabled = &quot;arr\u00eat&quot; bouton_border_width__hover_enabled = &quot;arr\u00eat&quot; bouton_one_border_width__hover_enabled = &quot;arr\u00eat&quot; bouton_two_border_width__hover_enabled = &quot;arr\u00eat&quot; activ\u00e9 = &quot;off&quot; bouton_one_border_color__hover_enabled = &quot;off&quot; bouton_two_border_color__hover_enabled = &quot;off&quot; bouton_border_radius__hover_enabled = &quot;off&quot; bouton_one_border_radius__hover_enabled = &quot;arr\u00eat&quot; bouton_two_border_radius__hover_enabled = &quot;arr\u00eat&quot; bouton_letter_spacing__hover_enabled = &quot;arr\u00eat&quot; bouton_one_letter_spacing__hover_enabled = &quot;arr\u00eat&quot; bouton_two_letter_spacing__hover_enabled = &quot;arr\u00eat&quot; bouton_bg_color__hover_enabled = &quot;arr\u00eat bouton_one&quot; _bg_color__hover_enabled=\u201doff\u201d button_two_bg_color__hover_enabled=\u201doff\u201d][\/et_pb_contact_field][ et_pb_contact_field field_id=\u201drgpd\u201d field_title=\u201dConfidentialit\u00e9\u201d field_type=\u201dcheckbox\u201d checkbox_options=\u201d{value:En cochant cette case, vous acceptez que je collecte les donn\u00e9es fournies, uniquement afin de pouvoir vous contacter ult\u00e9rieurement. Pour en savoir plus, vous pouvez consulter le politique priv\u00e9e}\u2033 fullwidth_field=&quot;on&quot; _builder_version=\u201d4.20.4\u2033 _module_preset=\u201ddefault\u201d link_option_url=\u201dhttps:\/\/www.syvema.com\/index.php\/1019-2\/\u201d global_colors_info=\u201d{}\u201d][\/et_pb_contact_field][\/et_pb_contact_form][ \/et_pb_column][et_pb_column type=\u201d1_2\u2033 _builder_version=\u201d4.20.4\u2033 _module_preset=\u201ddefault\u201d global_colors_info=\u201d{}\u201d][et_pb_text _builder_version=\u201d4.20.4\u2033 _module_preset=\u201ddefault\u201d custom_padding=\u201d5px||| |false|false\u201d global_colors_info=\u201d{}\u201d]<\/p>\n<h2><strong _msttexthash=\"292695\" _msthash=\"57\">Mes coordonn\u00e9es<\/strong><\/h2>\n<p _msttexthash=\"5426434\" _msthash=\"58\">Nos tenues sont fabriqu\u00e9es \u00e0 Versailles, nous les vendons et les exp\u00e9ditions dans le monde entier.<\/p>\n<ul>\n<li><span _msttexthash=\"1061190\" _msthash=\"59\">Si\u00e8ge social : 77 Rue Royale, 78000 VERSAILLES<\/span><\/li>\n<li><span _msttexthash=\"694681\" _msthash=\"60\">Num\u00e9ro de t\u00e9l\u00e9phone : +33 7 69 72 73 81 <\/span><\/li>\n<li><span _msttexthash=\"730535\" _msthash=\"61\">Courriel : <a href=\"mailto:contact@syvema.com\" _istranslated=\"1\">syvema.fr@gmail.com<\/a><\/span><\/li>\n<li><span _msttexthash=\"264758\" _msthash=\"62\">Instagram\u00a0: <a href=\"https:\/\/www.instagram.com\/syvema_kids\/\">SYV\u00c9MA<\/a><\/span><\/li>\n<\/ul>\n<p><span><\/span><\/p>\n<p>[\/et_pb_text][\/et_pb_column][\/et_pb_row][\/et_pb_section]<\/p>","protected":false},"excerpt":{"rendered":"<p>Contact me For any tailor-made request, looking for advice, or if you are simply curious, I am at your disposal:Mes coordonn\u00e9es Nos tenues sont fabriqu\u00e9es \u00e0 Versailles, nous les vendons et les exp\u00e9dions dans le monde entier. Si\u00e8ge social : 77 Rue Royale, 78000 VERSAILLES Num\u00e9ro de t\u00e9l\u00e9phone : +33 7 69 72 73 81 [&hellip;]<\/p>","protected":false},"author":1,"featured_media":0,"parent":0,"menu_order":0,"comment_status":"closed","ping_status":"closed","template":"","meta":{"_et_pb_use_builder":"on","_et_pb_old_content":"","_et_gb_content_width":"","footnotes":""},"class_list":["post-1037","page","type-page","status-publish","hentry"],"yoast_head":"<!-- This site is optimized with the Yoast SEO plugin v23.4 - https:\/\/yoast.com\/wordpress\/plugins\/seo\/ -->\n<title>Contact - Syvema<\/title>\n<meta name=\"robots\" content=\"index, follow, max-snippet:-1, max-image-preview:large, max-video-preview:-1\" \/>\n<link rel=\"canonical\" href=\"https:\/\/www.syvema.com\/fr\/contact\/\" \/>\n<meta property=\"og:locale\" content=\"fr_FR\" \/>\n<meta property=\"og:type\" content=\"article\" \/>\n<meta property=\"og:title\" content=\"Contact - Syvema\" \/>\n<meta property=\"og:description\" content=\"Contact me For any tailor-made request, looking for advice, or if you are simply curious, I am at your disposal:Mes coordonn\u00e9es Nos tenues sont fabriqu\u00e9es \u00e0 Versailles, nous les vendons et les exp\u00e9dions dans le monde entier. Si\u00e8ge social : 77 Rue Royale, 78000 VERSAILLES Num\u00e9ro de t\u00e9l\u00e9phone : +33 7 69 72 73 81 [&hellip;]\" \/>\n<meta property=\"og:url\" content=\"https:\/\/www.syvema.com\/fr\/contact\/\" \/>\n<meta property=\"og:site_name\" content=\"Syvema\" \/>\n<meta property=\"article:modified_time\" content=\"2025-01-06T14:38:50+00:00\" \/>\n<meta name=\"twitter:card\" content=\"summary_large_image\" \/>\n<script type=\"application\/ld+json\" class=\"yoast-schema-graph\">{\"@context\":\"https:\/\/schema.org\",\"@graph\":[{\"@type\":\"WebPage\",\"@id\":\"https:\/\/www.syvema.com\/contact\/\",\"url\":\"https:\/\/www.syvema.com\/contact\/\",\"name\":\"Contact - Syvema\",\"isPartOf\":{\"@id\":\"https:\/\/www.syvema.com\/#website\"},\"datePublished\":\"2023-05-08T14:18:32+00:00\",\"dateModified\":\"2025-01-06T14:38:50+00:00\",\"breadcrumb\":{\"@id\":\"https:\/\/www.syvema.com\/contact\/#breadcrumb\"},\"inLanguage\":\"fr-FR\",\"potentialAction\":[{\"@type\":\"ReadAction\",\"target\":[\"https:\/\/www.syvema.com\/contact\/\"]}]},{\"@type\":\"BreadcrumbList\",\"@id\":\"https:\/\/www.syvema.com\/contact\/#breadcrumb\",\"itemListElement\":[{\"@type\":\"ListItem\",\"position\":1,\"name\":\"Accueil\",\"item\":\"https:\/\/www.syvema.com\/\"},{\"@type\":\"ListItem\",\"position\":2,\"name\":\"Contact\"}]},{\"@type\":\"WebSite\",\"@id\":\"https:\/\/www.syvema.com\/#website\",\"url\":\"https:\/\/www.syvema.com\/\",\"name\":\"Syvema\",\"description\":\"Faschion Kids\",\"publisher\":{\"@id\":\"https:\/\/www.syvema.com\/#organization\"},\"potentialAction\":[{\"@type\":\"SearchAction\",\"target\":{\"@type\":\"EntryPoint\",\"urlTemplate\":\"https:\/\/www.syvema.com\/?s={search_term_string}\"},\"query-input\":{\"@type\":\"PropertyValueSpecification\",\"valueRequired\":true,\"valueName\":\"search_term_string\"}}],\"inLanguage\":\"fr-FR\"},{\"@type\":\"Organization\",\"@id\":\"https:\/\/www.syvema.com\/#organization\",\"name\":\"Syvema\",\"alternateName\":\"Lana Duga\",\"url\":\"https:\/\/www.syvema.com\/\",\"logo\":{\"@type\":\"ImageObject\",\"inLanguage\":\"fr-FR\",\"@id\":\"https:\/\/www.syvema.com\/#\/schema\/logo\/image\/\",\"url\":\"https:\/\/www.syvema.com\/admin22032023\/wp-content\/uploads\/2023\/04\/Syvema-06.jpg\",\"contentUrl\":\"https:\/\/www.syvema.com\/admin22032023\/wp-content\/uploads\/2023\/04\/Syvema-06.jpg\",\"width\":1866,\"height\":1087,\"caption\":\"Syvema\"},\"image\":{\"@id\":\"https:\/\/www.syvema.com\/#\/schema\/logo\/image\/\"}}]}<\/script>\n<!-- \/ Yoast SEO plugin. -->","yoast_head_json":{"title":"Contact - Syvema","robots":{"index":"index","follow":"follow","max-snippet":"max-snippet:-1","max-image-preview":"max-image-preview:large","max-video-preview":"max-video-preview:-1"},"canonical":"https:\/\/www.syvema.com\/fr\/contact\/","og_locale":"fr_FR","og_type":"article","og_title":"Contact - Syvema","og_description":"Contact me For any tailor-made request, looking for advice, or if you are simply curious, I am at your disposal:Mes coordonn\u00e9es Nos tenues sont fabriqu\u00e9es \u00e0 Versailles, nous les vendons et les exp\u00e9dions dans le monde entier. Si\u00e8ge social : 77 Rue Royale, 78000 VERSAILLES Num\u00e9ro de t\u00e9l\u00e9phone : +33 7 69 72 73 81 [&hellip;]","og_url":"https:\/\/www.syvema.com\/fr\/contact\/","og_site_name":"Syvema","article_modified_time":"2025-01-06T14:38:50+00:00","twitter_card":"summary_large_image","schema":{"@context":"https:\/\/schema.org","@graph":[{"@type":"WebPage","@id":"https:\/\/www.syvema.com\/contact\/","url":"https:\/\/www.syvema.com\/contact\/","name":"Contact - Syvema","isPartOf":{"@id":"https:\/\/www.syvema.com\/#website"},"datePublished":"2023-05-08T14:18:32+00:00","dateModified":"2025-01-06T14:38:50+00:00","breadcrumb":{"@id":"https:\/\/www.syvema.com\/contact\/#breadcrumb"},"inLanguage":"fr-FR","potentialAction":[{"@type":"ReadAction","target":["https:\/\/www.syvema.com\/contact\/"]}]},{"@type":"BreadcrumbList","@id":"https:\/\/www.syvema.com\/contact\/#breadcrumb","itemListElement":[{"@type":"ListItem","position":1,"name":"Accueil","item":"https:\/\/www.syvema.com\/"},{"@type":"ListItem","position":2,"name":"Contact"}]},{"@type":"WebSite","@id":"https:\/\/www.syvema.com\/#website","url":"https:\/\/www.syvema.com\/","name":"Syvema","description":"Faschion Kids","publisher":{"@id":"https:\/\/www.syvema.com\/#organization"},"potentialAction":[{"@type":"SearchAction","target":{"@type":"EntryPoint","urlTemplate":"https:\/\/www.syvema.com\/?s={search_term_string}"},"query-input":{"@type":"PropertyValueSpecification","valueRequired":true,"valueName":"search_term_string"}}],"inLanguage":"fr-FR"},{"@type":"Organization","@id":"https:\/\/www.syvema.com\/#organization","name":"Syvema","alternateName":"Lana Duga","url":"https:\/\/www.syvema.com\/","logo":{"@type":"ImageObject","inLanguage":"fr-FR","@id":"https:\/\/www.syvema.com\/#\/schema\/logo\/image\/","url":"https:\/\/www.syvema.com\/admin22032023\/wp-content\/uploads\/2023\/04\/Syvema-06.jpg","contentUrl":"https:\/\/www.syvema.com\/admin22032023\/wp-content\/uploads\/2023\/04\/Syvema-06.jpg","width":1866,"height":1087,"caption":"Syvema"},"image":{"@id":"https:\/\/www.syvema.com\/#\/schema\/logo\/image\/"}}]}},"_links":{"self":[{"href":"https:\/\/www.syvema.com\/fr\/wp-json\/wp\/v2\/pages\/1037","targetHints":{"allow":["GET"]}}],"collection":[{"href":"https:\/\/www.syvema.com\/fr\/wp-json\/wp\/v2\/pages"}],"about":[{"href":"https:\/\/www.syvema.com\/fr\/wp-json\/wp\/v2\/types\/page"}],"author":[{"embeddable":true,"href":"https:\/\/www.syvema.com\/fr\/wp-json\/wp\/v2\/users\/1"}],"replies":[{"embeddable":true,"href":"https:\/\/www.syvema.com\/fr\/wp-json\/wp\/v2\/comments?post=1037"}],"version-history":[{"count":20,"href":"https:\/\/www.syvema.com\/fr\/wp-json\/wp\/v2\/pages\/1037\/revisions"}],"predecessor-version":[{"id":6440,"href":"https:\/\/www.syvema.com\/fr\/wp-json\/wp\/v2\/pages\/1037\/revisions\/6440"}],"wp:attachment":[{"href":"https:\/\/www.syvema.com\/fr\/wp-json\/wp\/v2\/media?parent=1037"}],"curies":[{"name":"wp","href":"https:\/\/api.w.org\/{rel}","templated":true}]}}