{"id":6893,"date":"2025-04-13T17:51:12","date_gmt":"2025-04-13T15:51:12","guid":{"rendered":"https:\/\/www.syvema.com\/?post_type=product&#038;p=6893"},"modified":"2025-11-23T16:40:57","modified_gmt":"2025-11-23T15:40:57","slug":"heloise-dress","status":"publish","type":"product","link":"https:\/\/www.syvema.com\/fr\/produit\/heloise-dress\/","title":{"rendered":"Robe H\u00e9lo\u00efse"},"content":{"rendered":"<p>[et_pb_section fb_built=\u201d1\u2033 _builder_version=\u201d4.16\u2033 custom_padding=\u201d0px||||false|false\u201d global_colors_info=\u201d{}\u201d][et_pb_row _builder_version=\u201d4.16\u2033 background_size=\u201dinitial\u201d background_position=\u201dtop_left\u201d background_repeat=\u201drepeat\u201d width=\u201d100%\u201d custom_padding=\u201d0px||0px||false|false\u201d global_colors_info=\u201d{}\u201d][et_pb_column type=\u201d4_4\u2033 _builder_version=\u201d4.16\u2033 custom_padding=\u201d|||\u201d global_colors_info=\u201d{}\u201d custom_padding__hover=\u201d|||\u201d][et_pb_wc_breadcrumb _builder_version=\u201d4.16\u2033 global_colors_info=\u201d{}\u201d][\/et_pb_wc_breadcrumb][et_pb_wc_cart_notice _builder_version=\u201d4.20.4\u2033 global_colors_info=\u201d{}\u201d][\/et_pb_wc_cart_notice][\/et_pb_column][\/et_pb_row][et_pb_row column_structure=\u201d1_2,1_2\u2033 _builder_version=\u201d4.16\u2033 background_size=\u201dinitial\u201d background_position=\u201dtop_left\u201d background_repeat=\u201drepeat\u201d width=\u201d100%\u201d custom_padding=\u201d0px|||false|false\u201d global_colors_info=\u201d{}\u201d][et_pb_column type=\u201d1_2\u2033 _builder_version=\u201d4.16\u2033 custom_padding=\u201d|||\u201d global_colors_info=\u201d{}\u201d custom_padding__hover=\u201d|||\u201d][et_pb_wc_images _builder_version=\u201d4.16\u2033 global_colors_info=\u201d{}\u201d][\/et_pb_wc_images][\/et_pb_column][et_pb_column type=\u201d1_2\u2033 _builder_version=\u201d4.16\u2033 custom_padding=\u201d|||\u201d global_colors_info=\u201d{}\u201d custom_padding__hover=\u201d|||\u201d][et_pb_wc_title _builder_version=\u201d4.16\u2033 global_colors_info=\u201d{}\u201d][\/et_pb_wc_title][et_pb_wc_rating _builder_version=\u201d4.16\u2033 global_colors_info=\u201d{}\u201d][\/et_pb_wc_rating][et_pb_wc_price _builder_version=\u201d4.20.4\u2033 global_colors_info=\u201d{}\u201d][\/et_pb_wc_price][et_pb_wc_description _builder_version=\u201d4.20.4\u2033 global_colors_info=\u201d{}\u201d][\/et_pb_wc_description][et_pb_wc_add_to_cart field_label_position=\u201dinline\u201d _builder_version=\u201d4.20.4\u2033 dropdown_menus_font_size=\u201d18px\u201d global_colors_info=\u201d{}\u201d][\/et_pb_wc_add_to_cart][et_pb_wc_meta _builder_version=\u201d4.20.4\u2033 min_height=\u201d161.3px\u201d custom_margin=\u201d||-186px|||\u201d global_colors_info=\u201d{}\u201d][\/et_pb_wc_meta][\/et_pb_column][\/et_pb_row][et_pb_row _builder_version=\u201d4.16\u2033 background_size=\u201dinitial\u201d background_position=\u201dtop_left\u201d background_repeat=\u201drepeat\u201d width=\u201d100%\u201d global_colors_info=\u201d{}\u201d][et_pb_column type=\u201d4_4\u2033 _builder_version=\u201d4.16\u2033 custom_padding=\u201d|||\u201d global_colors_info=\u201d{}\u201d custom_padding__hover=\u201d|||\u201d][et_pb_wc_tabs _builder_version=\u201d4.16\u2033 global_colors_info=\u201d{}\u201d] [\/et_pb_wc_tabs][et_pb_wc_upsells _builder_version=\u201d4.16\u2033 global_colors_info=\u201d{}\u201d][\/et_pb_wc_upsells][et_pb_wc_related_products _builder_version=\u201d4.16\u2033 global_colors_info=\u201d{}\u201d][\/et_pb_wc_related_products][\/et_pb_column][\/et_pb_row][\/et_pb_section]<\/p>","protected":false},"excerpt":{"rendered":"<div>\n<p>Cette ravissante robe b\u00e9b\u00e9 est le choix id\u00e9al pour une occasion sp\u00e9ciale. Confectionn\u00e9e en satin doux couleur cr\u00e8me l\u00e9g\u00e8rement brillant, elle offre une coupe flatteuse et un maintien parfait. Le devant tombe gracieusement juste en dessous du genou, tandis que le dos est orn\u00e9 d&#039;une d\u00e9licate tra\u00eene descendant jusqu&#039;\u00e0 la cheville, apportant une touche d&#039;\u00e9l\u00e9gance suppl\u00e9mentaire.<\/p>\n<p>La taille est joliment orn\u00e9e de d\u00e9licates fleurs 3D, chacune orn\u00e9e d&#039;une perle en son centre, cr\u00e9ant un look doux et romantique. Le jupon en tulle apporte de l&#039;ampleur \u00e0 la robe, lui conf\u00e9rant une silhouette charmante et volumineuse qui la fera se sentir comme une petite princesse. Le jupon en tulle doux lui conf\u00e8re une belle ampleur, tandis que la doublure en coton assure un confort optimal tout au long de la journ\u00e9e.<\/p>\n<p>Pour un ajustement personnalis\u00e9, la robe est dot\u00e9e de liens r\u00e9glables au dos qui vous permettent de l&#039;ajuster \u00e0 votre convenance. De plus, elle est dot\u00e9e d&#039;un joli n\u0153ud amovible, facile \u00e0 retirer pour un look plus simple.<\/p>\n<p>Avec son design intemporel et ses d\u00e9tails soign\u00e9s, cette robe est parfaite pour son premier anniversaire ou tout autre \u00e9v\u00e9nement sp\u00e9cial. Des accessoires assortis, comme un accessoire pour cheveux et des chaussures, sont disponibles pour compl\u00e9ter le look.<\/p>\n<p>&nbsp;<\/p>\n<\/div>\n<div>\n<ul>\n<li style=\"list-style-type: none;\">\n<ul>\n<li style=\"list-style-type: none;\">\n<ul>\n<li style=\"list-style-type: none;\">\n<ul>\n<li><em><strong>Tissu de superposition<\/strong> : satin, tulle, doublure 100% coton<\/em><\/li>\n<li><em><strong>Couleur<\/strong> : cr\u00e8me<\/em><\/li>\n<li><em><strong>Longueur<\/strong> : mi-mollet<\/em><\/li>\n<li><em>Lien avec noeud<\/em><\/li>\n<li><em>Mesures : <a href=\"https:\/\/www.syvema.com\/admin22032023\/wp-content\/uploads\/2025\/11\/Syvema-inches.png\" target=\"_blank\" rel=\"noopener\">Voir ici pour les mesures en pouces<\/a>\u00a0 ou <a href=\"https:\/\/www.syvema.com\/admin22032023\/wp-content\/uploads\/2025\/11\/Syvema-cm.png\" target=\"_blank\" rel=\"noopener\">Voir ici pour les mesures en cm<\/a><\/em><\/li>\n<li><em>Fait main<\/em><\/li>\n<li><em>Fabriqu\u00e9 en France<\/em><\/li>\n<li><em>La robe prend 18 \u00e0 20 jours \u00e0 confectionner<\/em><\/li>\n<li><em>La livraison prend entre 9 et 10 jours<\/em><\/li>\n<\/ul>\n<\/li>\n<\/ul>\n<\/li>\n<\/ul>\n<\/li>\n<\/ul>\n<\/div>","protected":false},"featured_media":6892,"comment_status":"closed","ping_status":"closed","template":"","meta":{"_et_pb_use_builder":"on","_et_pb_old_content":"<div>\r\n<div>\r\n<div>ACCESSORIES<\/div>\r\n<div>You can order other and beautiful accessories.<\/div>\r\n<\/div>\r\n<\/div>","_et_gb_content_width":""},"product_brand":[],"product_cat":[15,41,60],"product_tag":[37,36,62,71,63,69,64,68,70,65,66],"class_list":{"0":"post-6893","1":"product","2":"type-product","3":"status-publish","4":"has-post-thumbnail","6":"product_cat-non-classe","7":"product_cat-birthday-girl","8":"product_cat-bridesmaid-outfit","9":"product_tag-girl","10":"product_tag-first-birthday","11":"product_tag-flower-dress","12":"product_tag-gift-girl-birthday","13":"product_tag-girl-tutu-dress","14":"product_tag-little-bridesmaids","15":"product_tag-party-little-girls","16":"product_tag-puffy-girl-dress","17":"product_tag-toddler-dree","18":"product_tag-tulle-dress","19":"product_tag-wedding-dress-girl","20":"pa_size-0-3-month","21":"pa_size-3-6-month","22":"pa_size-6-9-month","23":"pa_size-9-12-month","24":"pa_size-12-18-month","25":"pa_size-18-24-month","26":"pa_size-2-3-years","28":"first","29":"instock","30":"featured","31":"taxable","32":"shipping-taxable","33":"purchasable","34":"product-type-variable"},"yoast_head":"<!-- This site is optimized with the Yoast SEO plugin v23.4 - https:\/\/yoast.com\/wordpress\/plugins\/seo\/ -->\n<title>Heloise Dress - Syvema<\/title>\n<meta name=\"description\" content=\"This white baby \u00a0dress is made of delicate satin, tulle and French lace, covered with beautiful lace trimmed with beads and sequins\" \/>\n<meta name=\"robots\" content=\"index, follow, max-snippet:-1, max-image-preview:large, max-video-preview:-1\" \/>\n<link rel=\"canonical\" href=\"https:\/\/www.syvema.com\/fr\/produit\/heloise-dress\/\" \/>\n<meta property=\"og:locale\" content=\"fr_FR\" \/>\n<meta property=\"og:type\" content=\"article\" \/>\n<meta property=\"og:title\" content=\"Heloise Dress - Syvema\" \/>\n<meta property=\"og:description\" content=\"This white baby \u00a0dress is made of delicate satin, tulle and French lace, covered with beautiful lace trimmed with beads and sequins\" \/>\n<meta property=\"og:url\" content=\"https:\/\/www.syvema.com\/fr\/produit\/heloise-dress\/\" \/>\n<meta property=\"og:site_name\" content=\"Syvema\" \/>\n<meta property=\"article:modified_time\" content=\"2025-11-23T15:40:57+00:00\" \/>\n<meta property=\"og:image\" content=\"https:\/\/www.syvema.com\/admin22032023\/wp-content\/uploads\/2025\/04\/syvema-heloise-dress-768x1024.png\" \/>\n\t<meta property=\"og:image:width\" content=\"768\" \/>\n\t<meta property=\"og:image:height\" content=\"1024\" \/>\n\t<meta property=\"og:image:type\" content=\"image\/png\" \/>\n<meta name=\"twitter:card\" content=\"summary_large_image\" \/>\n<meta name=\"twitter:label1\" content=\"Dur\u00e9e de lecture estim\u00e9e\" \/>\n\t<meta name=\"twitter:data1\" content=\"1 minute\" \/>\n<script type=\"application\/ld+json\" class=\"yoast-schema-graph\">{\"@context\":\"https:\/\/schema.org\",\"@graph\":[{\"@type\":\"WebPage\",\"@id\":\"https:\/\/www.syvema.com\/product\/heloise-dress\/\",\"url\":\"https:\/\/www.syvema.com\/product\/heloise-dress\/\",\"name\":\"Heloise Dress - Syvema\",\"isPartOf\":{\"@id\":\"https:\/\/www.syvema.com\/#website\"},\"primaryImageOfPage\":{\"@id\":\"https:\/\/www.syvema.com\/product\/heloise-dress\/#primaryimage\"},\"image\":{\"@id\":\"https:\/\/www.syvema.com\/product\/heloise-dress\/#primaryimage\"},\"thumbnailUrl\":\"https:\/\/www.syvema.com\/admin22032023\/wp-content\/uploads\/2025\/04\/syvema-heloise-dress.png\",\"datePublished\":\"2025-04-13T15:51:12+00:00\",\"dateModified\":\"2025-11-23T15:40:57+00:00\",\"description\":\"This white baby \u00a0dress is made of delicate satin, tulle and French lace, covered with beautiful lace trimmed with beads and sequins\",\"breadcrumb\":{\"@id\":\"https:\/\/www.syvema.com\/product\/heloise-dress\/#breadcrumb\"},\"inLanguage\":\"fr-FR\",\"potentialAction\":[{\"@type\":\"ReadAction\",\"target\":[\"https:\/\/www.syvema.com\/product\/heloise-dress\/\"]}]},{\"@type\":\"ImageObject\",\"inLanguage\":\"fr-FR\",\"@id\":\"https:\/\/www.syvema.com\/product\/heloise-dress\/#primaryimage\",\"url\":\"https:\/\/www.syvema.com\/admin22032023\/wp-content\/uploads\/2025\/04\/syvema-heloise-dress.png\",\"contentUrl\":\"https:\/\/www.syvema.com\/admin22032023\/wp-content\/uploads\/2025\/04\/syvema-heloise-dress.png\",\"width\":1535,\"height\":2048},{\"@type\":\"BreadcrumbList\",\"@id\":\"https:\/\/www.syvema.com\/product\/heloise-dress\/#breadcrumb\",\"itemListElement\":[{\"@type\":\"ListItem\",\"position\":1,\"name\":\"Accueil\",\"item\":\"https:\/\/www.syvema.com\/\"},{\"@type\":\"ListItem\",\"position\":2,\"name\":\"La boutique\",\"item\":\"https:\/\/www.syvema.com\/la-boutique\/\"},{\"@type\":\"ListItem\",\"position\":3,\"name\":\"Heloise Dress\"}]},{\"@type\":\"WebSite\",\"@id\":\"https:\/\/www.syvema.com\/#website\",\"url\":\"https:\/\/www.syvema.com\/\",\"name\":\"Syvema\",\"description\":\"Faschion Kids\",\"publisher\":{\"@id\":\"https:\/\/www.syvema.com\/#organization\"},\"potentialAction\":[{\"@type\":\"SearchAction\",\"target\":{\"@type\":\"EntryPoint\",\"urlTemplate\":\"https:\/\/www.syvema.com\/?s={search_term_string}\"},\"query-input\":{\"@type\":\"PropertyValueSpecification\",\"valueRequired\":true,\"valueName\":\"search_term_string\"}}],\"inLanguage\":\"fr-FR\"},{\"@type\":\"Organization\",\"@id\":\"https:\/\/www.syvema.com\/#organization\",\"name\":\"Syvema\",\"alternateName\":\"Lana Duga\",\"url\":\"https:\/\/www.syvema.com\/\",\"logo\":{\"@type\":\"ImageObject\",\"inLanguage\":\"fr-FR\",\"@id\":\"https:\/\/www.syvema.com\/#\/schema\/logo\/image\/\",\"url\":\"https:\/\/www.syvema.com\/admin22032023\/wp-content\/uploads\/2023\/04\/Syvema-06.jpg\",\"contentUrl\":\"https:\/\/www.syvema.com\/admin22032023\/wp-content\/uploads\/2023\/04\/Syvema-06.jpg\",\"width\":1866,\"height\":1087,\"caption\":\"Syvema\"},\"image\":{\"@id\":\"https:\/\/www.syvema.com\/#\/schema\/logo\/image\/\"}}]}<\/script>\n<!-- \/ Yoast SEO plugin. -->","yoast_head_json":{"title":"Heloise Dress - Syvema","description":"This white baby \u00a0dress is made of delicate satin, tulle and French lace, covered with beautiful lace trimmed with beads and sequins","robots":{"index":"index","follow":"follow","max-snippet":"max-snippet:-1","max-image-preview":"max-image-preview:large","max-video-preview":"max-video-preview:-1"},"canonical":"https:\/\/www.syvema.com\/fr\/produit\/heloise-dress\/","og_locale":"fr_FR","og_type":"article","og_title":"Heloise Dress - Syvema","og_description":"This white baby \u00a0dress is made of delicate satin, tulle and French lace, covered with beautiful lace trimmed with beads and sequins","og_url":"https:\/\/www.syvema.com\/fr\/produit\/heloise-dress\/","og_site_name":"Syvema","article_modified_time":"2025-11-23T15:40:57+00:00","og_image":[{"width":768,"height":1024,"url":"https:\/\/www.syvema.com\/admin22032023\/wp-content\/uploads\/2025\/04\/syvema-heloise-dress-768x1024.png","type":"image\/png"}],"twitter_card":"summary_large_image","twitter_misc":{"Dur\u00e9e de lecture estim\u00e9e":"1 minute"},"schema":{"@context":"https:\/\/schema.org","@graph":[{"@type":"WebPage","@id":"https:\/\/www.syvema.com\/product\/heloise-dress\/","url":"https:\/\/www.syvema.com\/product\/heloise-dress\/","name":"Heloise Dress - Syvema","isPartOf":{"@id":"https:\/\/www.syvema.com\/#website"},"primaryImageOfPage":{"@id":"https:\/\/www.syvema.com\/product\/heloise-dress\/#primaryimage"},"image":{"@id":"https:\/\/www.syvema.com\/product\/heloise-dress\/#primaryimage"},"thumbnailUrl":"https:\/\/www.syvema.com\/admin22032023\/wp-content\/uploads\/2025\/04\/syvema-heloise-dress.png","datePublished":"2025-04-13T15:51:12+00:00","dateModified":"2025-11-23T15:40:57+00:00","description":"This white baby \u00a0dress is made of delicate satin, tulle and French lace, covered with beautiful lace trimmed with beads and sequins","breadcrumb":{"@id":"https:\/\/www.syvema.com\/product\/heloise-dress\/#breadcrumb"},"inLanguage":"fr-FR","potentialAction":[{"@type":"ReadAction","target":["https:\/\/www.syvema.com\/product\/heloise-dress\/"]}]},{"@type":"ImageObject","inLanguage":"fr-FR","@id":"https:\/\/www.syvema.com\/product\/heloise-dress\/#primaryimage","url":"https:\/\/www.syvema.com\/admin22032023\/wp-content\/uploads\/2025\/04\/syvema-heloise-dress.png","contentUrl":"https:\/\/www.syvema.com\/admin22032023\/wp-content\/uploads\/2025\/04\/syvema-heloise-dress.png","width":1535,"height":2048},{"@type":"BreadcrumbList","@id":"https:\/\/www.syvema.com\/product\/heloise-dress\/#breadcrumb","itemListElement":[{"@type":"ListItem","position":1,"name":"Accueil","item":"https:\/\/www.syvema.com\/"},{"@type":"ListItem","position":2,"name":"La boutique","item":"https:\/\/www.syvema.com\/la-boutique\/"},{"@type":"ListItem","position":3,"name":"Heloise Dress"}]},{"@type":"WebSite","@id":"https:\/\/www.syvema.com\/#website","url":"https:\/\/www.syvema.com\/","name":"Syvema","description":"Faschion Kids","publisher":{"@id":"https:\/\/www.syvema.com\/#organization"},"potentialAction":[{"@type":"SearchAction","target":{"@type":"EntryPoint","urlTemplate":"https:\/\/www.syvema.com\/?s={search_term_string}"},"query-input":{"@type":"PropertyValueSpecification","valueRequired":true,"valueName":"search_term_string"}}],"inLanguage":"fr-FR"},{"@type":"Organization","@id":"https:\/\/www.syvema.com\/#organization","name":"Syvema","alternateName":"Lana Duga","url":"https:\/\/www.syvema.com\/","logo":{"@type":"ImageObject","inLanguage":"fr-FR","@id":"https:\/\/www.syvema.com\/#\/schema\/logo\/image\/","url":"https:\/\/www.syvema.com\/admin22032023\/wp-content\/uploads\/2023\/04\/Syvema-06.jpg","contentUrl":"https:\/\/www.syvema.com\/admin22032023\/wp-content\/uploads\/2023\/04\/Syvema-06.jpg","width":1866,"height":1087,"caption":"Syvema"},"image":{"@id":"https:\/\/www.syvema.com\/#\/schema\/logo\/image\/"}}]}},"_links":{"self":[{"href":"https:\/\/www.syvema.com\/fr\/wp-json\/wp\/v2\/product\/6893","targetHints":{"allow":["GET"]}}],"collection":[{"href":"https:\/\/www.syvema.com\/fr\/wp-json\/wp\/v2\/product"}],"about":[{"href":"https:\/\/www.syvema.com\/fr\/wp-json\/wp\/v2\/types\/product"}],"replies":[{"embeddable":true,"href":"https:\/\/www.syvema.com\/fr\/wp-json\/wp\/v2\/comments?post=6893"}],"wp:featuredmedia":[{"embeddable":true,"href":"https:\/\/www.syvema.com\/fr\/wp-json\/wp\/v2\/media\/6892"}],"wp:attachment":[{"href":"https:\/\/www.syvema.com\/fr\/wp-json\/wp\/v2\/media?parent=6893"}],"wp:term":[{"taxonomy":"product_brand","embeddable":true,"href":"https:\/\/www.syvema.com\/fr\/wp-json\/wp\/v2\/product_brand?post=6893"},{"taxonomy":"product_cat","embeddable":true,"href":"https:\/\/www.syvema.com\/fr\/wp-json\/wp\/v2\/product_cat?post=6893"},{"taxonomy":"product_tag","embeddable":true,"href":"https:\/\/www.syvema.com\/fr\/wp-json\/wp\/v2\/product_tag?post=6893"}],"curies":[{"name":"wp","href":"https:\/\/api.w.org\/{rel}","templated":true}]}}