{"id":6964,"date":"2025-04-13T18:17:33","date_gmt":"2025-04-13T16:17:33","guid":{"rendered":"https:\/\/www.syvema.com\/?post_type=product&#038;p=6964"},"modified":"2025-11-23T16:38:48","modified_gmt":"2025-11-23T15:38:48","slug":"rosalinda-dress","status":"publish","type":"product","link":"https:\/\/www.syvema.com\/it\/prodotto\/rosalinda-dress\/","title":{"rendered":"Abito Rosalinda"},"content":{"rendered":"<p>[et_pb_section fb_built=\u201d1\u2033 _builder_version=\u201d4.16\u2033 custom_padding=\u201d0px||||false|false\u201d global_colors_info=\u201d{}\u201d][et_pb_row _builder_version=\u201d4.20.4\u2033 background_size=\u201dinitial\u201d background_position=\u201dtop_left\u201d background_repeat=\u201drepeat\u201d width=\u201d100%\u201d custom_padding=\u201d0px||0px||false|false\u201d global_colors_info=\u201d{}\u201d][et_pb_column type=\u201d4_4\u2033 _builder_version=\u201d4.16\u2033 custom_padding=\u201d||||\u201d global_colors_info=\u201d{}\u201d custom_padding__hover=\u201d|||\u201d][et_pb_wc_breadcrumb _builder_version=\u201d4.20.4\u2033 global_colors_info=\u201d{}\u201d][\/et_pb_wc_breadcrumb][et_pb_wc_cart_notice _builder_version=\u201d4.20.4\u2033 global_colors_info=\u201d{}\u201d][\/et_pb_wc_cart_notice][\/et_pb_column][\/et_pb_row][et_pb_row column_structure=\u201d1_2,1_2\u2033 _builder_version=\u201d4.16\u2033 background_size=\u201dinitial\u201d background_position=\u201dtop_left\u201d background_repeat=\u201drepeat\u201d width=\u201d100%\u201d custom_padding=\u201d0px||||false|false\u201d global_colors_info=\u201d{}\u201d][et_pb_column type=\u201d1_2\u2033 _builder_version=\u201d4.16\u2033 custom_padding=\u201d|||\u201d global_colors_info=\u201d{}\u201d custom_padding__hover=\u201d|||\u201d][et_pb_wc_images _builder_version=\u201d4.16\u2033 global_colors_info=\u201d{}\u201d][\/et_pb_wc_images][\/et_pb_column][et_pb_column type=\u201d1_2\u2033 _builder_version=\u201d4.16\u2033 custom_padding=\u201d|||\u201d global_colors_info=\u201d{}\u201d custom_padding__hover=\u201d|||\u201d][et_pb_wc_title _builder_version=\u201d4.20.4\u2033 header_level=\u201dh4\u2033 global_colors_info=\u201d{}\u201d][\/et_pb_wc_title][et_pb_wc_rating _builder_version=\u201d4.20.4\u2033 global_colors_info=\u201d{}\u201d][\/et_pb_wc_rating][et_pb_wc_price _builder_version=\u201d4.20.4\u2033 global_colors_info=\u201d{}\u201d][\/et_pb_wc_price][et_pb_wc_description _builder_version=\u201d4.20.4\u2033 width=\u201d100%\u201d global_colors_info=\u201d{}\u201d][\/et_pb_wc_description][et_pb_wc_add_to_cart _builder_version=\u201d4.20.4\u2033 _module_preset=\u201ddefault\u201d global_colors_info=\u201d{}\u201d][\/et_pb_wc_add_to_cart][\/et_pb_column][\/et_pb_row][et_pb_row _builder_version=\u201d4.16\u2033 background_size=\u201dinitial\u201d background_position=\u201dtop_left\u201d background_repeat=\u201drepeat\u201d width=\u201d100%\u201d global_colors_info=\u201d{}\u201d][et_pb_column type=\u201d4_4\u2033 _builder_version=\u201d4.16\u2033 custom_padding=\u201d|||\u201d global_colors_info=\u201d{}\u201d custom_padding__hover=\u201d|||\u201d][et_pb_wc_tabs include_tabs=\u201ddescription|\u201d _builder_version=\u201d4.20.4\u2033 global_colors_info=\u201d{}\u201d] [\/et_pb_wc_tabs][et_pb_wc_upsells _builder_version=\u201d4.20.4\u2033 title_font_size=\u201d25px\u201d global_colors_info=\u201d{}\u201d][\/et_pb_wc_upsells][et_pb_wc_related_products _builder_version=\u201d4.16\u2033 global_colors_info=\u201d{}\u201d][\/et_pb_wc_related_products][\/et_pb_column][\/et_pb_row][\/et_pb_section]<\/p>","protected":false},"excerpt":{"rendered":"<div>\n<p>Questo adorabile vestitino per neonata, realizzato con un top in organza e uno splendido pizzo decorato con farfalle 3D, perline e paillettes, la far\u00e0 sicuramente brillare. La gonna \u00e8 ricoperta di tulle con una leggera lucentezza glitterata. La morbida sottogonna in tulle aggiunge una deliziosa pienezza, mentre la fodera in cotone assicura comfort per tutto il giorno.<\/p>\n<p>Per una vestibilit\u00e0 personalizzata, l&#039;abito \u00e8 dotato di lacci regolabili sul retro che permettono di renderlo pi\u00f9 comodo o pi\u00f9 ampio a seconda delle esigenze. Inoltre, \u00e8 dotato di un bellissimo fiocco rimovibile, che puoi facilmente togliere se preferisci un look pi\u00f9 semplice.<\/p>\n<p>Per completare l&#039;outfit, sono disponibili accessori per capelli e scarpe coordinati. Questo abito \u00e8 perfetto per il primo compleanno della tua bambina o per qualsiasi occasione speciale, assicurandoti che la tua piccola principessa sia assolutamente splendida alla sua festa.<\/p>\n<p>&nbsp;<\/p>\n<\/div>\n<div>\n<ul>\n<li style=\"list-style-type: none;\">\n<ul>\n<li style=\"list-style-type: none;\">\n<ul>\n<li style=\"list-style-type: none;\">\n<ul>\n<li><em><strong>Sovrapposizione di tessuto<\/strong> : organza, tull, fodera cotone 100%<\/em><\/li>\n<li><em><strong>Colore<\/strong> : bianco<\/em><\/li>\n<li><em><strong>Lunghezza<\/strong> : met\u00e0 di-vitello<\/em><\/li>\n<li><em>Cravatta con nodo<\/em><\/li>\n<li><em>Misure : <a href=\"https:\/\/www.syvema.com\/admin22032023\/wp-content\/uploads\/2025\/11\/Syvema-inches.png\" target=\"_blank\" rel=\"noopener\">Vedi qui per le misure in pollici<\/a>\u00a0 O <a href=\"https:\/\/www.syvema.com\/admin22032023\/wp-content\/uploads\/2025\/11\/Syvema-cm.png\" target=\"_blank\" rel=\"noopener\">Vedi qui per le misure in cm<\/a><\/em><\/li>\n<li><em>Fatto a mano<\/em><\/li>\n<li><em>Made in France<\/em><\/li>\n<li><em>Ci vogliono 18-20 giorni per realizzare l&#039;abito<\/em><\/li>\n<li><em>La consegna richiede tra 9 e 10 giorni<\/em><\/li>\n<\/ul>\n<\/li>\n<\/ul>\n<\/li>\n<\/ul>\n<\/li>\n<\/ul>\n<\/div>","protected":false},"featured_media":6962,"comment_status":"closed","ping_status":"closed","template":"","meta":{"_et_pb_use_builder":"on","_et_pb_old_content":"<div>\r\n<div>\r\n<div>ACCESSORIES<\/div>\r\n<div>You can order other and beautiful accessories.<\/div>\r\n<\/div>\r\n<\/div>","_et_gb_content_width":""},"product_brand":[],"product_cat":[15,41,60],"product_tag":[37,36,62,71,63,69,64,68,70,65,66],"class_list":{"0":"post-6964","1":"product","2":"type-product","3":"status-publish","4":"has-post-thumbnail","6":"product_cat-non-classe","7":"product_cat-birthday-girl","8":"product_cat-bridesmaid-outfit","9":"product_tag-girl","10":"product_tag-first-birthday","11":"product_tag-flower-dress","12":"product_tag-gift-girl-birthday","13":"product_tag-girl-tutu-dress","14":"product_tag-little-bridesmaids","15":"product_tag-party-little-girls","16":"product_tag-puffy-girl-dress","17":"product_tag-toddler-dree","18":"product_tag-tulle-dress","19":"product_tag-wedding-dress-girl","20":"pa_size-0-3-month","21":"pa_size-3-6-month","22":"pa_size-6-9-month","23":"pa_size-9-12-month","24":"pa_size-12-18-month","25":"pa_size-18-24-month","26":"pa_size-2-3-years","28":"first","29":"instock","30":"featured","31":"taxable","32":"shipping-taxable","33":"purchasable","34":"product-type-variable"},"yoast_head":"<!-- This site is optimized with the Yoast SEO plugin v23.4 - https:\/\/yoast.com\/wordpress\/plugins\/seo\/ -->\n<title>Rosalinda Dress - Syvema<\/title>\n<meta name=\"description\" content=\"This white baby \u00a0dress is made of delicate satin, tulle and French lace, covered with beautiful lace trimmed with beads and sequins\" \/>\n<meta name=\"robots\" content=\"index, follow, max-snippet:-1, max-image-preview:large, max-video-preview:-1\" \/>\n<link rel=\"canonical\" href=\"https:\/\/www.syvema.com\/it\/prodotto\/rosalinda-dress\/\" \/>\n<meta property=\"og:locale\" content=\"it_IT\" \/>\n<meta property=\"og:type\" content=\"article\" \/>\n<meta property=\"og:title\" content=\"Rosalinda Dress - Syvema\" \/>\n<meta property=\"og:description\" content=\"This white baby \u00a0dress is made of delicate satin, tulle and French lace, covered with beautiful lace trimmed with beads and sequins\" \/>\n<meta property=\"og:url\" content=\"https:\/\/www.syvema.com\/it\/prodotto\/rosalinda-dress\/\" \/>\n<meta property=\"og:site_name\" content=\"Syvema\" \/>\n<meta property=\"article:modified_time\" content=\"2025-11-23T15:38:48+00:00\" \/>\n<meta property=\"og:image\" content=\"https:\/\/www.syvema.com\/admin22032023\/wp-content\/uploads\/2025\/04\/syvema-rosalinda-dress.png\" \/>\n\t<meta property=\"og:image:width\" content=\"768\" \/>\n\t<meta property=\"og:image:height\" content=\"1024\" \/>\n\t<meta property=\"og:image:type\" content=\"image\/png\" \/>\n<meta name=\"twitter:card\" content=\"summary_large_image\" \/>\n<meta name=\"twitter:label1\" content=\"Tempo di lettura stimato\" \/>\n\t<meta name=\"twitter:data1\" content=\"1 minuto\" \/>\n<script type=\"application\/ld+json\" class=\"yoast-schema-graph\">{\"@context\":\"https:\/\/schema.org\",\"@graph\":[{\"@type\":\"WebPage\",\"@id\":\"https:\/\/www.syvema.com\/product\/rosalinda-dress\/\",\"url\":\"https:\/\/www.syvema.com\/product\/rosalinda-dress\/\",\"name\":\"Rosalinda Dress - Syvema\",\"isPartOf\":{\"@id\":\"https:\/\/www.syvema.com\/#website\"},\"primaryImageOfPage\":{\"@id\":\"https:\/\/www.syvema.com\/product\/rosalinda-dress\/#primaryimage\"},\"image\":{\"@id\":\"https:\/\/www.syvema.com\/product\/rosalinda-dress\/#primaryimage\"},\"thumbnailUrl\":\"https:\/\/www.syvema.com\/admin22032023\/wp-content\/uploads\/2025\/04\/syvema-rosalinda-dress.png\",\"datePublished\":\"2025-04-13T16:17:33+00:00\",\"dateModified\":\"2025-11-23T15:38:48+00:00\",\"description\":\"This white baby \u00a0dress is made of delicate satin, tulle and French lace, covered with beautiful lace trimmed with beads and sequins\",\"breadcrumb\":{\"@id\":\"https:\/\/www.syvema.com\/product\/rosalinda-dress\/#breadcrumb\"},\"inLanguage\":\"it-IT\",\"potentialAction\":[{\"@type\":\"ReadAction\",\"target\":[\"https:\/\/www.syvema.com\/product\/rosalinda-dress\/\"]}]},{\"@type\":\"ImageObject\",\"inLanguage\":\"it-IT\",\"@id\":\"https:\/\/www.syvema.com\/product\/rosalinda-dress\/#primaryimage\",\"url\":\"https:\/\/www.syvema.com\/admin22032023\/wp-content\/uploads\/2025\/04\/syvema-rosalinda-dress.png\",\"contentUrl\":\"https:\/\/www.syvema.com\/admin22032023\/wp-content\/uploads\/2025\/04\/syvema-rosalinda-dress.png\",\"width\":1535,\"height\":2048},{\"@type\":\"BreadcrumbList\",\"@id\":\"https:\/\/www.syvema.com\/product\/rosalinda-dress\/#breadcrumb\",\"itemListElement\":[{\"@type\":\"ListItem\",\"position\":1,\"name\":\"Accueil\",\"item\":\"https:\/\/www.syvema.com\/\"},{\"@type\":\"ListItem\",\"position\":2,\"name\":\"La boutique\",\"item\":\"https:\/\/www.syvema.com\/la-boutique\/\"},{\"@type\":\"ListItem\",\"position\":3,\"name\":\"Rosalinda Dress\"}]},{\"@type\":\"WebSite\",\"@id\":\"https:\/\/www.syvema.com\/#website\",\"url\":\"https:\/\/www.syvema.com\/\",\"name\":\"Syvema\",\"description\":\"Faschion Kids\",\"publisher\":{\"@id\":\"https:\/\/www.syvema.com\/#organization\"},\"potentialAction\":[{\"@type\":\"SearchAction\",\"target\":{\"@type\":\"EntryPoint\",\"urlTemplate\":\"https:\/\/www.syvema.com\/?s={search_term_string}\"},\"query-input\":{\"@type\":\"PropertyValueSpecification\",\"valueRequired\":true,\"valueName\":\"search_term_string\"}}],\"inLanguage\":\"it-IT\"},{\"@type\":\"Organization\",\"@id\":\"https:\/\/www.syvema.com\/#organization\",\"name\":\"Syvema\",\"alternateName\":\"Lana Duga\",\"url\":\"https:\/\/www.syvema.com\/\",\"logo\":{\"@type\":\"ImageObject\",\"inLanguage\":\"it-IT\",\"@id\":\"https:\/\/www.syvema.com\/#\/schema\/logo\/image\/\",\"url\":\"https:\/\/www.syvema.com\/admin22032023\/wp-content\/uploads\/2023\/04\/Syvema-06.jpg\",\"contentUrl\":\"https:\/\/www.syvema.com\/admin22032023\/wp-content\/uploads\/2023\/04\/Syvema-06.jpg\",\"width\":1866,\"height\":1087,\"caption\":\"Syvema\"},\"image\":{\"@id\":\"https:\/\/www.syvema.com\/#\/schema\/logo\/image\/\"}}]}<\/script>\n<!-- \/ Yoast SEO plugin. -->","yoast_head_json":{"title":"Rosalinda Dress - Syvema","description":"This white baby \u00a0dress is made of delicate satin, tulle and French lace, covered with beautiful lace trimmed with beads and sequins","robots":{"index":"index","follow":"follow","max-snippet":"max-snippet:-1","max-image-preview":"max-image-preview:large","max-video-preview":"max-video-preview:-1"},"canonical":"https:\/\/www.syvema.com\/it\/prodotto\/rosalinda-dress\/","og_locale":"it_IT","og_type":"article","og_title":"Rosalinda Dress - Syvema","og_description":"This white baby \u00a0dress is made of delicate satin, tulle and French lace, covered with beautiful lace trimmed with beads and sequins","og_url":"https:\/\/www.syvema.com\/it\/prodotto\/rosalinda-dress\/","og_site_name":"Syvema","article_modified_time":"2025-11-23T15:38:48+00:00","og_image":[{"url":"https:\/\/www.syvema.com\/admin22032023\/wp-content\/uploads\/2025\/04\/syvema-rosalinda-dress.png","width":768,"height":1024,"type":"image\/png"}],"twitter_card":"summary_large_image","twitter_misc":{"Tempo di lettura stimato":"1 minuto"},"schema":{"@context":"https:\/\/schema.org","@graph":[{"@type":"WebPage","@id":"https:\/\/www.syvema.com\/product\/rosalinda-dress\/","url":"https:\/\/www.syvema.com\/product\/rosalinda-dress\/","name":"Rosalinda Dress - Syvema","isPartOf":{"@id":"https:\/\/www.syvema.com\/#website"},"primaryImageOfPage":{"@id":"https:\/\/www.syvema.com\/product\/rosalinda-dress\/#primaryimage"},"image":{"@id":"https:\/\/www.syvema.com\/product\/rosalinda-dress\/#primaryimage"},"thumbnailUrl":"https:\/\/www.syvema.com\/admin22032023\/wp-content\/uploads\/2025\/04\/syvema-rosalinda-dress.png","datePublished":"2025-04-13T16:17:33+00:00","dateModified":"2025-11-23T15:38:48+00:00","description":"This white baby \u00a0dress is made of delicate satin, tulle and French lace, covered with beautiful lace trimmed with beads and sequins","breadcrumb":{"@id":"https:\/\/www.syvema.com\/product\/rosalinda-dress\/#breadcrumb"},"inLanguage":"it-IT","potentialAction":[{"@type":"ReadAction","target":["https:\/\/www.syvema.com\/product\/rosalinda-dress\/"]}]},{"@type":"ImageObject","inLanguage":"it-IT","@id":"https:\/\/www.syvema.com\/product\/rosalinda-dress\/#primaryimage","url":"https:\/\/www.syvema.com\/admin22032023\/wp-content\/uploads\/2025\/04\/syvema-rosalinda-dress.png","contentUrl":"https:\/\/www.syvema.com\/admin22032023\/wp-content\/uploads\/2025\/04\/syvema-rosalinda-dress.png","width":1535,"height":2048},{"@type":"BreadcrumbList","@id":"https:\/\/www.syvema.com\/product\/rosalinda-dress\/#breadcrumb","itemListElement":[{"@type":"ListItem","position":1,"name":"Accueil","item":"https:\/\/www.syvema.com\/"},{"@type":"ListItem","position":2,"name":"La boutique","item":"https:\/\/www.syvema.com\/la-boutique\/"},{"@type":"ListItem","position":3,"name":"Rosalinda Dress"}]},{"@type":"WebSite","@id":"https:\/\/www.syvema.com\/#website","url":"https:\/\/www.syvema.com\/","name":"Syvema","description":"Faschion Kids","publisher":{"@id":"https:\/\/www.syvema.com\/#organization"},"potentialAction":[{"@type":"SearchAction","target":{"@type":"EntryPoint","urlTemplate":"https:\/\/www.syvema.com\/?s={search_term_string}"},"query-input":{"@type":"PropertyValueSpecification","valueRequired":true,"valueName":"search_term_string"}}],"inLanguage":"it-IT"},{"@type":"Organization","@id":"https:\/\/www.syvema.com\/#organization","name":"Syvema","alternateName":"Lana Duga","url":"https:\/\/www.syvema.com\/","logo":{"@type":"ImageObject","inLanguage":"it-IT","@id":"https:\/\/www.syvema.com\/#\/schema\/logo\/image\/","url":"https:\/\/www.syvema.com\/admin22032023\/wp-content\/uploads\/2023\/04\/Syvema-06.jpg","contentUrl":"https:\/\/www.syvema.com\/admin22032023\/wp-content\/uploads\/2023\/04\/Syvema-06.jpg","width":1866,"height":1087,"caption":"Syvema"},"image":{"@id":"https:\/\/www.syvema.com\/#\/schema\/logo\/image\/"}}]}},"_links":{"self":[{"href":"https:\/\/www.syvema.com\/it\/wp-json\/wp\/v2\/product\/6964","targetHints":{"allow":["GET"]}}],"collection":[{"href":"https:\/\/www.syvema.com\/it\/wp-json\/wp\/v2\/product"}],"about":[{"href":"https:\/\/www.syvema.com\/it\/wp-json\/wp\/v2\/types\/product"}],"replies":[{"embeddable":true,"href":"https:\/\/www.syvema.com\/it\/wp-json\/wp\/v2\/comments?post=6964"}],"wp:featuredmedia":[{"embeddable":true,"href":"https:\/\/www.syvema.com\/it\/wp-json\/wp\/v2\/media\/6962"}],"wp:attachment":[{"href":"https:\/\/www.syvema.com\/it\/wp-json\/wp\/v2\/media?parent=6964"}],"wp:term":[{"taxonomy":"product_brand","embeddable":true,"href":"https:\/\/www.syvema.com\/it\/wp-json\/wp\/v2\/product_brand?post=6964"},{"taxonomy":"product_cat","embeddable":true,"href":"https:\/\/www.syvema.com\/it\/wp-json\/wp\/v2\/product_cat?post=6964"},{"taxonomy":"product_tag","embeddable":true,"href":"https:\/\/www.syvema.com\/it\/wp-json\/wp\/v2\/product_tag?post=6964"}],"curies":[{"name":"wp","href":"https:\/\/api.w.org\/{rel}","templated":true}]}}